{"id":1607,"date":"2023-12-13T03:38:57","date_gmt":"2023-12-13T03:38:57","guid":{"rendered":"http:\/\/vietnhatprecision.123websitedev.com\/?page_id=1607"},"modified":"2025-02-18T11:02:17","modified_gmt":"2025-02-18T04:02:17","slug":"quy-trinh-san-xuat","status":"publish","type":"page","link":"https:\/\/vinhthinh.xyz\/en\/production-process\/","title":{"rendered":"Production process"},"content":{"rendered":"<div data-elementor-type=\"wp-page\" data-elementor-id=\"1607\" class=\"elementor elementor-1607\" data-elementor-post-type=\"page\">\n\t\t\t\t\t\t\t<div class=\"elementor-element elementor-element-2520046 e-flex e-con-boxed e-con e-parent\" data-id=\"2520046\" data-element_type=\"container\" data-settings=\"{&quot;background_background&quot;:&quot;classic&quot;,&quot;container_type&quot;:&quot;flex&quot;,&quot;content_width&quot;:&quot;boxed&quot;}\" data-core-v316-plus=\"true\">\n\t\t\t\t\t<div class=\"e-con-inner\">\n\t\t<div class=\"elementor-element elementor-element-b7025cc e-flex e-con-boxed e-con e-child\" data-id=\"b7025cc\" data-element_type=\"container\" data-settings=\"{&quot;container_type&quot;:&quot;flex&quot;,&quot;content_width&quot;:&quot;boxed&quot;}\">\n\t\t\t\t\t<div class=\"e-con-inner\">\n\t\t\t\t<div class=\"elementor-element elementor-element-d4d9cf1 elementor-widget elementor-widget-heading\" data-id=\"d4d9cf1\" data-element_type=\"widget\" data-widget_type=\"heading.default\">\n\t\t\t\t<div class=\"elementor-widget-container\">\n\t\t\t<style>\/*! elementor - v3.16.0 - 14-09-2023 *\/\n.elementor-heading-title{padding:0;margin:0;line-height:1}.elementor-widget-heading .elementor-heading-title[class*=elementor-size-]>a{color:inherit;font-size:inherit;line-height:inherit}.elementor-widget-heading .elementor-heading-title.elementor-size-small{font-size:15px}.elementor-widget-heading .elementor-heading-title.elementor-size-medium{font-size:19px}.elementor-widget-heading .elementor-heading-title.elementor-size-large{font-size:29px}.elementor-widget-heading .elementor-heading-title.elementor-size-xl{font-size:39px}.elementor-widget-heading .elementor-heading-title.elementor-size-xxl{font-size:59px}<\/style><h2 class=\"elementor-heading-title elementor-size-default\">Create Value - Build Trust<\/h2>\t\t<\/div>\n\t\t\t\t<\/div>\n\t\t\t\t\t<\/div>\n\t\t\t\t<\/div>\n\t\t\t\t\t<\/div>\n\t\t\t\t<\/div>\n\t\t<div class=\"elementor-element elementor-element-85187d5 e-flex e-con-boxed e-con e-parent\" data-id=\"85187d5\" data-element_type=\"container\" data-settings=\"{&quot;container_type&quot;:&quot;flex&quot;,&quot;content_width&quot;:&quot;boxed&quot;}\" data-core-v316-plus=\"true\">\n\t\t\t\t\t<div class=\"e-con-inner\">\n\t\t<div class=\"elementor-element elementor-element-15b44e5 e-flex e-con-boxed e-con e-child\" data-id=\"15b44e5\" data-element_type=\"container\" data-settings=\"{&quot;background_background&quot;:&quot;classic&quot;,&quot;container_type&quot;:&quot;flex&quot;,&quot;content_width&quot;:&quot;boxed&quot;}\">\n\t\t\t\t\t<div class=\"e-con-inner\">\n\t\t\t\t\t<\/div>\n\t\t\t\t<\/div>\n\t\t\t\t\t<\/div>\n\t\t\t\t<\/div>\n\t\t<div class=\"elementor-element elementor-element-7b189d0 e-flex e-con-boxed e-con e-parent\" data-id=\"7b189d0\" data-element_type=\"container\" data-settings=\"{&quot;container_type&quot;:&quot;flex&quot;,&quot;content_width&quot;:&quot;boxed&quot;}\" data-core-v316-plus=\"true\">\n\t\t\t\t\t<div class=\"e-con-inner\">\n\t\t<div class=\"elementor-element elementor-element-2ca7435 e-con-full e-flex e-con e-child\" data-id=\"2ca7435\" data-element_type=\"container\" data-settings=\"{&quot;content_width&quot;:&quot;full&quot;,&quot;container_type&quot;:&quot;flex&quot;}\">\n\t\t\t\t<div class=\"elementor-element elementor-element-ee270c0 elementor-widget elementor-widget-heading\" data-id=\"ee270c0\" data-element_type=\"widget\" data-widget_type=\"heading.default\">\n\t\t\t\t<div class=\"elementor-widget-container\">\n\t\t\t<h2 class=\"elementor-heading-title elementor-size-default\">Production process<\/h2>\t\t<\/div>\n\t\t\t\t<\/div>\n\t\t\t\t<div class=\"elementor-element elementor-element-1587fbf elementor-widget elementor-widget-text-editor\" data-id=\"1587fbf\" data-element_type=\"widget\" data-widget_type=\"text-editor.default\">\n\t\t\t\t<div class=\"elementor-widget-container\">\n\t\t\t<style>\/*! elementor - v3.16.0 - 14-09-2023 *\/\n.elementor-widget-text-editor.elementor-drop-cap-view-stacked .elementor-drop-cap{background-color:#69727d;color:#fff}.elementor-widget-text-editor.elementor-drop-cap-view-framed .elementor-drop-cap{color:#69727d;border:3px solid;background-color:transparent}.elementor-widget-text-editor:not(.elementor-drop-cap-view-default) .elementor-drop-cap{margin-top:8px}.elementor-widget-text-editor:not(.elementor-drop-cap-view-default) .elementor-drop-cap-letter{width:1em;height:1em}.elementor-widget-text-editor .elementor-drop-cap{float:left;text-align:center;line-height:1;font-size:50px}.elementor-widget-text-editor .elementor-drop-cap-letter{display:inline-block}<\/style>\t\t\t\t<ol><li>Materials have certificates according to standards<\/li><li>Each drawing provides inspection sheet<\/li><li>All measuring instruments are calibrated periodically<\/li><li>Quality assurance, product inspection rate 99%<\/li><\/ol>\t\t\t\t\t\t<\/div>\n\t\t\t\t<\/div>\n\t\t\t\t<div class=\"elementor-element elementor-element-6df3e24 elementor-widget elementor-widget-image\" data-id=\"6df3e24\" data-element_type=\"widget\" data-widget_type=\"image.default\">\n\t\t\t\t<div class=\"elementor-widget-container\">\n\t\t\t<style>\/*! elementor - v3.16.0 - 14-09-2023 *\/\n.elementor-widget-image{text-align:center}.elementor-widget-image a{display:inline-block}.elementor-widget-image a img[src$=\".svg\"]{width:48px}.elementor-widget-image img{vertical-align:middle;display:inline-block}<\/style>\t\t\t\t\t\t\t\t\t\t\t\t<img loading=\"lazy\" decoding=\"async\" width=\"680\" height=\"450\" src=\"https:\/\/vinhthinh.xyz\/wp-content\/uploads\/2025\/02\/banner-phong-chay-chua-chay.jpg\" class=\"attachment-full size-full wp-image-2430\" alt=\"\" srcset=\"https:\/\/vinhthinh.xyz\/wp-content\/uploads\/2025\/02\/banner-phong-chay-chua-chay.jpg 680w, https:\/\/vinhthinh.xyz\/wp-content\/uploads\/2025\/02\/banner-phong-chay-chua-chay-300x199.jpg 300w, https:\/\/vinhthinh.xyz\/wp-content\/uploads\/2025\/02\/banner-phong-chay-chua-chay-18x12.jpg 18w, https:\/\/vinhthinh.xyz\/wp-content\/uploads\/2025\/02\/banner-phong-chay-chua-chay-600x397.jpg 600w\" sizes=\"(max-width: 680px) 100vw, 680px\" \/>\t\t\t\t\t\t\t\t\t\t\t\t\t\t\t<\/div>\n\t\t\t\t<\/div>\n\t\t\t\t<\/div>\n\t\t<div class=\"elementor-element elementor-element-fc93645 e-con-full e-flex e-con e-child\" data-id=\"fc93645\" data-element_type=\"container\" data-settings=\"{&quot;content_width&quot;:&quot;full&quot;,&quot;container_type&quot;:&quot;flex&quot;}\">\n\t\t\t\t<div class=\"elementor-element elementor-element-25b4005 elementor-widget elementor-widget-image\" data-id=\"25b4005\" data-element_type=\"widget\" data-widget_type=\"image.default\">\n\t\t\t\t<div class=\"elementor-widget-container\">\n\t\t\t\t\t\t\t\t\t\t\t\t\t\t\t<img loading=\"lazy\" decoding=\"async\" width=\"600\" height=\"450\" src=\"https:\/\/vinhthinh.xyz\/wp-content\/uploads\/2025\/02\/phong-chay-chua-chay.jpg\" class=\"attachment-full size-full wp-image-2683\" alt=\"\" srcset=\"https:\/\/vinhthinh.xyz\/wp-content\/uploads\/2025\/02\/phong-chay-chua-chay.jpg 600w, https:\/\/vinhthinh.xyz\/wp-content\/uploads\/2025\/02\/phong-chay-chua-chay-300x225.jpg 300w, https:\/\/vinhthinh.xyz\/wp-content\/uploads\/2025\/02\/phong-chay-chua-chay-16x12.jpg 16w\" sizes=\"(max-width: 600px) 100vw, 600px\" \/>\t\t\t\t\t\t\t\t\t\t\t\t\t\t\t<\/div>\n\t\t\t\t<\/div>\n\t\t\t\t<\/div>\n\t\t\t\t\t<\/div>\n\t\t\t\t<\/div>\n\t\t\t\t\t\t\t<\/div>","protected":false},"excerpt":{"rendered":"<p>X\u00e2y Gia\u0301 Tri\u0323 &#8211; Ta\u0323o Ni\u1ec1m Tin Quy tr\u00ecnh s\u1ea3n xu\u1ea5t V\u00e2\u0323t li\u00ea\u0323u co\u0301 gi\u00e2\u0301y ch\u01b0\u0301ng nh\u00e2\u0323n theo ti\u00eau chu\u00e2\u0309n M\u00f4\u0303i ba\u0309n ve\u0303 cung c\u00e2\u0301p phi\u00ea\u0301u ki\u00ea\u0309m tra T\u00e2\u0301t ca\u0309 ca\u0301c du\u0323ng cu\u0323 \u0111o \u0111\u00ea\u0300u \u0111\u01b0\u01a1\u0323c hi\u00ea\u0323u chu\u00e2\u0309n theo \u0111i\u0323nh ky\u0300 \u0110a\u0309m ba\u0309o ch\u00e2\u0301t l\u01b0\u01a1\u0323ng, ty\u0309 l\u00ea\u0323 ki\u00ea\u0309m tra sa\u0309n ph\u00e2\u0309m 99%<\/p>","protected":false},"author":1,"featured_media":0,"parent":0,"menu_order":0,"comment_status":"closed","ping_status":"closed","template":"elementor_header_footer","meta":{"footnotes":""},"yoast_head":"<!-- This site is optimized with the Yoast SEO Premium plugin v21.1 (Yoast SEO v21.1) - https:\/\/yoast.com\/wordpress\/plugins\/seo\/ -->\n<title>Quy tr\u00ecnh s\u1ea3n xu\u1ea5t - Vinh Thinh Company<\/title>\n<meta name=\"robots\" content=\"index, follow, max-snippet:-1, max-image-preview:large, max-video-preview:-1\" \/>\n<link rel=\"canonical\" href=\"https:\/\/vinhthinh.xyz\/en\/production-process\/\" \/>\n<meta property=\"og:locale\" content=\"en_US\" \/>\n<meta property=\"og:type\" content=\"article\" \/>\n<meta property=\"og:title\" content=\"Quy tr\u00ecnh s\u1ea3n xu\u1ea5t\" \/>\n<meta property=\"og:description\" content=\"X\u00e2y Gia\u0301 Tri\u0323 &#8211; Ta\u0323o Ni\u1ec1m Tin Quy tr\u00ecnh s\u1ea3n xu\u1ea5t V\u00e2\u0323t li\u00ea\u0323u co\u0301 gi\u00e2\u0301y ch\u01b0\u0301ng nh\u00e2\u0323n theo ti\u00eau chu\u00e2\u0309n M\u00f4\u0303i ba\u0309n ve\u0303 cung c\u00e2\u0301p phi\u00ea\u0301u ki\u00ea\u0309m tra T\u00e2\u0301t ca\u0309 ca\u0301c du\u0323ng cu\u0323 \u0111o \u0111\u00ea\u0300u \u0111\u01b0\u01a1\u0323c hi\u00ea\u0323u chu\u00e2\u0309n theo \u0111i\u0323nh ky\u0300 \u0110a\u0309m ba\u0309o ch\u00e2\u0301t l\u01b0\u01a1\u0323ng, ty\u0309 l\u00ea\u0323 ki\u00ea\u0309m tra sa\u0309n ph\u00e2\u0309m 99%\" \/>\n<meta property=\"og:url\" content=\"https:\/\/vinhthinh.xyz\/en\/production-process\/\" \/>\n<meta property=\"og:site_name\" content=\"Vinh Thinh Company\" \/>\n<meta property=\"article:modified_time\" content=\"2025-02-18T04:02:17+00:00\" \/>\n<meta property=\"og:image\" content=\"https:\/\/vinhthinh.xyz\/wp-content\/uploads\/2025\/02\/banner-phong-chay-chua-chay.jpg\" \/>\n<meta name=\"twitter:card\" content=\"summary_large_image\" \/>\n<meta name=\"twitter:label1\" content=\"Est. reading time\" \/>\n\t<meta name=\"twitter:data1\" content=\"1 minute\" \/>\n<script type=\"application\/ld+json\" class=\"yoast-schema-graph\">{\"@context\":\"https:\/\/schema.org\",\"@graph\":[{\"@type\":\"WebPage\",\"@id\":\"https:\/\/vinhthinh.xyz\/quy-trinh-san-xuat\/\",\"url\":\"https:\/\/vinhthinh.xyz\/quy-trinh-san-xuat\/\",\"name\":\"Quy tr\u00ecnh s\u1ea3n xu\u1ea5t - Vinh Thinh Company\",\"isPartOf\":{\"@id\":\"https:\/\/vinhthinh.xyz\/#website\"},\"datePublished\":\"2023-12-13T03:38:57+00:00\",\"dateModified\":\"2025-02-18T04:02:17+00:00\",\"breadcrumb\":{\"@id\":\"https:\/\/vinhthinh.xyz\/quy-trinh-san-xuat\/#breadcrumb\"},\"inLanguage\":\"en-US\",\"potentialAction\":[{\"@type\":\"ReadAction\",\"target\":[\"https:\/\/vinhthinh.xyz\/quy-trinh-san-xuat\/\"]}]},{\"@type\":\"BreadcrumbList\",\"@id\":\"https:\/\/vinhthinh.xyz\/quy-trinh-san-xuat\/#breadcrumb\",\"itemListElement\":[{\"@type\":\"ListItem\",\"position\":1,\"name\":\"Home\",\"item\":\"https:\/\/vinhthinh.xyz\/\"},{\"@type\":\"ListItem\",\"position\":2,\"name\":\"Quy tr\u00ecnh s\u1ea3n xu\u1ea5t\"}]},{\"@type\":\"WebSite\",\"@id\":\"https:\/\/vinhthinh.xyz\/#website\",\"url\":\"https:\/\/vinhthinh.xyz\/\",\"name\":\"Vinh Thinh Company\",\"description\":\"\",\"publisher\":{\"@id\":\"https:\/\/vinhthinh.xyz\/#organization\"},\"potentialAction\":[{\"@type\":\"SearchAction\",\"target\":{\"@type\":\"EntryPoint\",\"urlTemplate\":\"https:\/\/vinhthinh.xyz\/?s={search_term_string}\"},\"query-input\":\"required name=search_term_string\"}],\"inLanguage\":\"en-US\"},{\"@type\":\"Organization\",\"@id\":\"https:\/\/vinhthinh.xyz\/#organization\",\"name\":\"Vinh Thinh Company\",\"url\":\"https:\/\/vinhthinh.xyz\/\",\"logo\":{\"@type\":\"ImageObject\",\"inLanguage\":\"en-US\",\"@id\":\"https:\/\/vinhthinh.xyz\/#\/schema\/logo\/image\/\",\"url\":\"https:\/\/vinhthinh.xyz\/wp-content\/uploads\/2025\/03\/LOGO_VINHTHINH_COMPANY-removebg-preview.png\",\"contentUrl\":\"https:\/\/vinhthinh.xyz\/wp-content\/uploads\/2025\/03\/LOGO_VINHTHINH_COMPANY-removebg-preview.png\",\"width\":500,\"height\":500,\"caption\":\"Vinh Thinh Company\"},\"image\":{\"@id\":\"https:\/\/vinhthinh.xyz\/#\/schema\/logo\/image\/\"}}]}<\/script>\n<!-- \/ Yoast SEO Premium plugin. -->","yoast_head_json":{"title":"Quy tr\u00ecnh s\u1ea3n xu\u1ea5t - Vinh Thinh Company","robots":{"index":"index","follow":"follow","max-snippet":"max-snippet:-1","max-image-preview":"max-image-preview:large","max-video-preview":"max-video-preview:-1"},"canonical":"https:\/\/vinhthinh.xyz\/en\/production-process\/","og_locale":"en_US","og_type":"article","og_title":"Quy tr\u00ecnh s\u1ea3n xu\u1ea5t","og_description":"X\u00e2y Gia\u0301 Tri\u0323 &#8211; Ta\u0323o Ni\u1ec1m Tin Quy tr\u00ecnh s\u1ea3n xu\u1ea5t V\u00e2\u0323t li\u00ea\u0323u co\u0301 gi\u00e2\u0301y ch\u01b0\u0301ng nh\u00e2\u0323n theo ti\u00eau chu\u00e2\u0309n M\u00f4\u0303i ba\u0309n ve\u0303 cung c\u00e2\u0301p phi\u00ea\u0301u ki\u00ea\u0309m tra T\u00e2\u0301t ca\u0309 ca\u0301c du\u0323ng cu\u0323 \u0111o \u0111\u00ea\u0300u \u0111\u01b0\u01a1\u0323c hi\u00ea\u0323u chu\u00e2\u0309n theo \u0111i\u0323nh ky\u0300 \u0110a\u0309m ba\u0309o ch\u00e2\u0301t l\u01b0\u01a1\u0323ng, ty\u0309 l\u00ea\u0323 ki\u00ea\u0309m tra sa\u0309n ph\u00e2\u0309m 99%","og_url":"https:\/\/vinhthinh.xyz\/en\/production-process\/","og_site_name":"Vinh Thinh Company","article_modified_time":"2025-02-18T04:02:17+00:00","og_image":[{"url":"https:\/\/vinhthinh.xyz\/wp-content\/uploads\/2025\/02\/banner-phong-chay-chua-chay.jpg"}],"twitter_card":"summary_large_image","twitter_misc":{"Est. reading time":"1 minute"},"schema":{"@context":"https:\/\/schema.org","@graph":[{"@type":"WebPage","@id":"https:\/\/vinhthinh.xyz\/quy-trinh-san-xuat\/","url":"https:\/\/vinhthinh.xyz\/quy-trinh-san-xuat\/","name":"Quy tr\u00ecnh s\u1ea3n xu\u1ea5t - Vinh Thinh Company","isPartOf":{"@id":"https:\/\/vinhthinh.xyz\/#website"},"datePublished":"2023-12-13T03:38:57+00:00","dateModified":"2025-02-18T04:02:17+00:00","breadcrumb":{"@id":"https:\/\/vinhthinh.xyz\/quy-trinh-san-xuat\/#breadcrumb"},"inLanguage":"en-US","potentialAction":[{"@type":"ReadAction","target":["https:\/\/vinhthinh.xyz\/quy-trinh-san-xuat\/"]}]},{"@type":"BreadcrumbList","@id":"https:\/\/vinhthinh.xyz\/quy-trinh-san-xuat\/#breadcrumb","itemListElement":[{"@type":"ListItem","position":1,"name":"Home","item":"https:\/\/vinhthinh.xyz\/"},{"@type":"ListItem","position":2,"name":"Quy tr\u00ecnh s\u1ea3n xu\u1ea5t"}]},{"@type":"WebSite","@id":"https:\/\/vinhthinh.xyz\/#website","url":"https:\/\/vinhthinh.xyz\/","name":"Vinh Thinh Company","description":"","publisher":{"@id":"https:\/\/vinhthinh.xyz\/#organization"},"potentialAction":[{"@type":"SearchAction","target":{"@type":"EntryPoint","urlTemplate":"https:\/\/vinhthinh.xyz\/?s={search_term_string}"},"query-input":"required name=search_term_string"}],"inLanguage":"en-US"},{"@type":"Organization","@id":"https:\/\/vinhthinh.xyz\/#organization","name":"Vinh Thinh Company","url":"https:\/\/vinhthinh.xyz\/","logo":{"@type":"ImageObject","inLanguage":"en-US","@id":"https:\/\/vinhthinh.xyz\/#\/schema\/logo\/image\/","url":"https:\/\/vinhthinh.xyz\/wp-content\/uploads\/2025\/03\/LOGO_VINHTHINH_COMPANY-removebg-preview.png","contentUrl":"https:\/\/vinhthinh.xyz\/wp-content\/uploads\/2025\/03\/LOGO_VINHTHINH_COMPANY-removebg-preview.png","width":500,"height":500,"caption":"Vinh Thinh Company"},"image":{"@id":"https:\/\/vinhthinh.xyz\/#\/schema\/logo\/image\/"}}]}},"_links":{"self":[{"href":"https:\/\/vinhthinh.xyz\/en\/wp-json\/wp\/v2\/pages\/1607"}],"collection":[{"href":"https:\/\/vinhthinh.xyz\/en\/wp-json\/wp\/v2\/pages"}],"about":[{"href":"https:\/\/vinhthinh.xyz\/en\/wp-json\/wp\/v2\/types\/page"}],"author":[{"embeddable":true,"href":"https:\/\/vinhthinh.xyz\/en\/wp-json\/wp\/v2\/users\/1"}],"replies":[{"embeddable":true,"href":"https:\/\/vinhthinh.xyz\/en\/wp-json\/wp\/v2\/comments?post=1607"}],"version-history":[{"count":12,"href":"https:\/\/vinhthinh.xyz\/en\/wp-json\/wp\/v2\/pages\/1607\/revisions"}],"predecessor-version":[{"id":2834,"href":"https:\/\/vinhthinh.xyz\/en\/wp-json\/wp\/v2\/pages\/1607\/revisions\/2834"}],"wp:attachment":[{"href":"https:\/\/vinhthinh.xyz\/en\/wp-json\/wp\/v2\/media?parent=1607"}],"curies":[{"name":"wp","href":"https:\/\/api.w.org\/{rel}","templated":true}]}}