{"id":2370,"date":"2025-02-12T10:10:06","date_gmt":"2025-02-12T03:10:06","guid":{"rendered":"https:\/\/vinhtinh.123websitedev.com\/?page_id=2370"},"modified":"2026-03-15T11:32:55","modified_gmt":"2026-03-15T04:32:55","slug":"tai-nguyen","status":"publish","type":"page","link":"https:\/\/vinhthinh.xyz\/en\/tai-nguyen\/","title":{"rendered":"Resources"},"content":{"rendered":"<div data-elementor-type=\"wp-page\" data-elementor-id=\"2370\" class=\"elementor elementor-2370\" data-elementor-post-type=\"page\">\n\t\t\t\t\t\t\t<div class=\"elementor-element elementor-element-4a0e922 e-con-full e-flex e-con e-parent\" data-id=\"4a0e922\" data-element_type=\"container\" data-settings=\"{&quot;content_width&quot;:&quot;full&quot;,&quot;container_type&quot;:&quot;flex&quot;}\" data-core-v316-plus=\"true\">\n\t\t<div class=\"elementor-element elementor-element-98aa4be e-con-full e-flex e-con e-child\" data-id=\"98aa4be\" data-element_type=\"container\" data-settings=\"{&quot;background_background&quot;:&quot;classic&quot;,&quot;content_width&quot;:&quot;full&quot;,&quot;container_type&quot;:&quot;flex&quot;}\">\n\t\t\t\t<div class=\"elementor-element elementor-element-7760734 elementor-widget elementor-widget-heading\" data-id=\"7760734\" data-element_type=\"widget\" data-widget_type=\"heading.default\">\n\t\t\t\t<div class=\"elementor-widget-container\">\n\t\t\t<style>\/*! elementor - v3.16.0 - 14-09-2023 *\/\n.elementor-heading-title{padding:0;margin:0;line-height:1}.elementor-widget-heading .elementor-heading-title[class*=elementor-size-]>a{color:inherit;font-size:inherit;line-height:inherit}.elementor-widget-heading .elementor-heading-title.elementor-size-small{font-size:15px}.elementor-widget-heading .elementor-heading-title.elementor-size-medium{font-size:19px}.elementor-widget-heading .elementor-heading-title.elementor-size-large{font-size:29px}.elementor-widget-heading .elementor-heading-title.elementor-size-xl{font-size:39px}.elementor-widget-heading .elementor-heading-title.elementor-size-xxl{font-size:59px}<\/style><h2 class=\"elementor-heading-title elementor-size-default\">Resources<\/h2>\t\t<\/div>\n\t\t\t\t<\/div>\n\t\t\t\t<\/div>\n\t\t\t\t<\/div>\n\t\t<div class=\"elementor-element elementor-element-975840e e-flex e-con-boxed e-con e-parent\" data-id=\"975840e\" data-element_type=\"container\" data-settings=\"{&quot;container_type&quot;:&quot;flex&quot;,&quot;content_width&quot;:&quot;boxed&quot;}\" data-core-v316-plus=\"true\">\n\t\t\t\t\t<div class=\"e-con-inner\">\n\t\t<div class=\"elementor-element elementor-element-f5731ce e-con-full e-flex e-con e-child\" data-id=\"f5731ce\" data-element_type=\"container\" data-settings=\"{&quot;content_width&quot;:&quot;full&quot;,&quot;container_type&quot;:&quot;flex&quot;}\">\n\t\t\t\t<div class=\"elementor-element elementor-element-a98ce99 elementor-widget elementor-widget-heading\" data-id=\"a98ce99\" data-element_type=\"widget\" data-widget_type=\"heading.default\">\n\t\t\t\t<div class=\"elementor-widget-container\">\n\t\t\t<span class=\"elementor-heading-title elementor-size-default\">Vinh Tinh Education<\/span>\t\t<\/div>\n\t\t\t\t<\/div>\n\t\t\t\t<div class=\"elementor-element elementor-element-684b5c6 elementor-widget elementor-widget-theme-post-title elementor-page-title elementor-widget-heading\" data-id=\"684b5c6\" data-element_type=\"widget\" data-widget_type=\"theme-post-title.default\">\n\t\t\t\t<div class=\"elementor-widget-container\">\n\t\t\t<h1 class=\"elementor-heading-title elementor-size-default\">Resources<\/h1>\t\t<\/div>\n\t\t\t\t<\/div>\n\t\t\t\t<div class=\"elementor-element elementor-element-81affc8 elementor-widget elementor-widget-text-editor\" data-id=\"81affc8\" data-element_type=\"widget\" data-widget_type=\"text-editor.default\">\n\t\t\t\t<div class=\"elementor-widget-container\">\n\t\t\t<style>\/*! elementor - v3.16.0 - 14-09-2023 *\/\n.elementor-widget-text-editor.elementor-drop-cap-view-stacked .elementor-drop-cap{background-color:#69727d;color:#fff}.elementor-widget-text-editor.elementor-drop-cap-view-framed .elementor-drop-cap{color:#69727d;border:3px solid;background-color:transparent}.elementor-widget-text-editor:not(.elementor-drop-cap-view-default) .elementor-drop-cap{margin-top:8px}.elementor-widget-text-editor:not(.elementor-drop-cap-view-default) .elementor-drop-cap-letter{width:1em;height:1em}.elementor-widget-text-editor .elementor-drop-cap{float:left;text-align:center;line-height:1;font-size:50px}.elementor-widget-text-editor .elementor-drop-cap-letter{display:inline-block}<\/style>\t\t\t\t<p>Vinh Thinh Education is a company specializing in investment and development in the field of education, providing high-quality school uniforms. The company is committed to providing products that meet customer needs through three main steps: receiving samples, choosing fabrics and calculating prices. With the motto &quot;Think New - Do New&quot;, Vinh Thinh Education aims for innovation and professionalism in the educational apparel industry.<\/p>\t\t\t\t\t\t<\/div>\n\t\t\t\t<\/div>\n\t\t\t\t<\/div>\n\t\t<div class=\"elementor-element elementor-element-2e368b8 e-con-full e-flex e-con e-child\" data-id=\"2e368b8\" data-element_type=\"container\" data-settings=\"{&quot;content_width&quot;:&quot;full&quot;,&quot;container_type&quot;:&quot;flex&quot;}\">\n\t\t\t\t<div class=\"elementor-element elementor-element-67fbb59 elementor-widget elementor-widget-image\" data-id=\"67fbb59\" data-element_type=\"widget\" data-widget_type=\"image.default\">\n\t\t\t\t<div class=\"elementor-widget-container\">\n\t\t\t<style>\/*! elementor - v3.16.0 - 14-09-2023 *\/\n.elementor-widget-image{text-align:center}.elementor-widget-image a{display:inline-block}.elementor-widget-image a img[src$=\".svg\"]{width:48px}.elementor-widget-image img{vertical-align:middle;display:inline-block}<\/style>\t\t\t\t\t\t\t\t\t\t\t\t<img loading=\"lazy\" decoding=\"async\" width=\"800\" height=\"534\" src=\"https:\/\/vinhthinh.xyz\/wp-content\/uploads\/2025\/02\/cau-lac-bo.jpg\" class=\"attachment-full size-full wp-image-2393\" alt=\"\" srcset=\"https:\/\/vinhthinh.xyz\/wp-content\/uploads\/2025\/02\/cau-lac-bo.jpg 800w, https:\/\/vinhthinh.xyz\/wp-content\/uploads\/2025\/02\/cau-lac-bo-300x200.jpg 300w, https:\/\/vinhthinh.xyz\/wp-content\/uploads\/2025\/02\/cau-lac-bo-768x513.jpg 768w, https:\/\/vinhthinh.xyz\/wp-content\/uploads\/2025\/02\/cau-lac-bo-18x12.jpg 18w, https:\/\/vinhthinh.xyz\/wp-content\/uploads\/2025\/02\/cau-lac-bo-600x401.jpg 600w\" sizes=\"(max-width: 800px) 100vw, 800px\" \/>\t\t\t\t\t\t\t\t\t\t\t\t\t\t\t<\/div>\n\t\t\t\t<\/div>\n\t\t\t\t<\/div>\n\t\t\t\t\t<\/div>\n\t\t\t\t<\/div>\n\t\t<div class=\"elementor-element elementor-element-e992ec1 e-flex e-con-boxed e-con e-parent\" data-id=\"e992ec1\" data-element_type=\"container\" data-settings=\"{&quot;container_type&quot;:&quot;flex&quot;,&quot;content_width&quot;:&quot;boxed&quot;}\" data-core-v316-plus=\"true\">\n\t\t\t\t\t<div class=\"e-con-inner\">\n\t\t\t\t<div class=\"elementor-element elementor-element-2e896cd elementor-widget elementor-widget-heading\" data-id=\"2e896cd\" data-element_type=\"widget\" data-widget_type=\"heading.default\">\n\t\t\t\t<div class=\"elementor-widget-container\">\n\t\t\t<span class=\"elementor-heading-title elementor-size-default\">LESSON<\/span>\t\t<\/div>\n\t\t\t\t<\/div>\n\t\t\t\t<div class=\"elementor-element elementor-element-15e241a elementor-widget elementor-widget-heading\" data-id=\"15e241a\" data-element_type=\"widget\" data-widget_type=\"heading.default\">\n\t\t\t\t<div class=\"elementor-widget-container\">\n\t\t\t<h2 class=\"elementor-heading-title elementor-size-default\">OTHER ARTICLES<\/h2>\t\t<\/div>\n\t\t\t\t<\/div>\n\t\t<div class=\"elementor-element elementor-element-df70128 e-flex e-con-boxed e-con e-child\" data-id=\"df70128\" data-element_type=\"container\" data-settings=\"{&quot;container_type&quot;:&quot;flex&quot;,&quot;content_width&quot;:&quot;boxed&quot;}\">\n\t\t\t\t\t<div class=\"e-con-inner\">\n\t\t<div class=\"elementor-element elementor-element-c0f1baf e-con-full e-flex e-con e-child\" data-id=\"c0f1baf\" data-element_type=\"container\" data-settings=\"{&quot;content_width&quot;:&quot;full&quot;,&quot;container_type&quot;:&quot;flex&quot;}\">\n\t\t\t\t<div class=\"elementor-element elementor-element-3e23ded elementor-cta--skin-classic elementor-animated-content elementor-bg-transform elementor-bg-transform-zoom-in elementor-widget elementor-widget-call-to-action\" data-id=\"3e23ded\" data-element_type=\"widget\" data-widget_type=\"call-to-action.default\">\n\t\t\t\t<div class=\"elementor-widget-container\">\n\t\t\t<link rel=\"stylesheet\" href=\"https:\/\/vinhthinh.xyz\/wp-content\/plugins\/elementor-pro\/assets\/css\/widget-call-to-action.min.css\">\t\t<div class=\"elementor-cta\">\n\t\t\t\t\t<div class=\"elementor-cta__bg-wrapper\">\n\t\t\t\t<div class=\"elementor-cta__bg elementor-bg\" style=\"background-image: url(https:\/\/vinhthinh.xyz\/wp-content\/uploads\/2025\/02\/DONG-PHUC-4.jpg);\" role=\"img\" aria-label=\"DONG PHUC-4\"><\/div>\n\t\t\t\t<div class=\"elementor-cta__bg-overlay\"><\/div>\n\t\t\t<\/div>\n\t\t\t\t\t\t\t<div class=\"elementor-cta__content\">\n\t\t\t\t\n\t\t\t\t\t\t\t\t\t<h2 class=\"elementor-cta__title elementor-cta__content-item elementor-content-item\">\n\t\t\t\t\t\tGrade 1\t\t\t\t\t<\/h2>\n\t\t\t\t\n\t\t\t\t\n\t\t\t\t\t\t\t\t\t<div class=\"elementor-cta__button-wrapper elementor-cta__content-item elementor-content-item\">\n\t\t\t\t\t<a class=\"elementor-cta__button elementor-button elementor-size-sm\" href=\"https:\/\/vinhthinh.xyz\/en\/danh_muc_lop_hoc\/lop-1\/\">\n\t\t\t\t\t\tSee more\t\t\t\t\t<\/a>\n\t\t\t\t\t<\/div>\n\t\t\t\t\t\t\t<\/div>\n\t\t\t\t\t\t<\/div>\n\t\t\t\t<\/div>\n\t\t\t\t<\/div>\n\t\t\t\t<\/div>\n\t\t<div class=\"elementor-element elementor-element-66b62d7 e-con-full e-flex e-con e-child\" data-id=\"66b62d7\" data-element_type=\"container\" data-settings=\"{&quot;content_width&quot;:&quot;full&quot;,&quot;container_type&quot;:&quot;flex&quot;}\">\n\t\t\t\t<div class=\"elementor-element elementor-element-5613d6a elementor-cta--skin-classic elementor-animated-content elementor-bg-transform elementor-bg-transform-zoom-in elementor-widget elementor-widget-call-to-action\" data-id=\"5613d6a\" data-element_type=\"widget\" data-widget_type=\"call-to-action.default\">\n\t\t\t\t<div class=\"elementor-widget-container\">\n\t\t\t\t\t<div class=\"elementor-cta\">\n\t\t\t\t\t<div class=\"elementor-cta__bg-wrapper\">\n\t\t\t\t<div class=\"elementor-cta__bg elementor-bg\" style=\"background-image: url(https:\/\/vinhthinh.xyz\/wp-content\/uploads\/2025\/02\/DONG-PHUC-4.jpg);\" role=\"img\" aria-label=\"DONG PHUC-4\"><\/div>\n\t\t\t\t<div class=\"elementor-cta__bg-overlay\"><\/div>\n\t\t\t<\/div>\n\t\t\t\t\t\t\t<div class=\"elementor-cta__content\">\n\t\t\t\t\n\t\t\t\t\t\t\t\t\t<h2 class=\"elementor-cta__title elementor-cta__content-item elementor-content-item\">\n\t\t\t\t\t\tGrade 2\t\t\t\t\t<\/h2>\n\t\t\t\t\n\t\t\t\t\n\t\t\t\t\t\t\t\t\t<div class=\"elementor-cta__button-wrapper elementor-cta__content-item elementor-content-item\">\n\t\t\t\t\t<a class=\"elementor-cta__button elementor-button elementor-size-sm\" href=\"https:\/\/vinhthinh.xyz\/en\/danh_muc_lop_hoc\/lop-2\/\">\n\t\t\t\t\t\tSee more\t\t\t\t\t<\/a>\n\t\t\t\t\t<\/div>\n\t\t\t\t\t\t\t<\/div>\n\t\t\t\t\t\t<\/div>\n\t\t\t\t<\/div>\n\t\t\t\t<\/div>\n\t\t\t\t<\/div>\n\t\t<div class=\"elementor-element elementor-element-15fbab5 e-con-full e-flex e-con e-child\" data-id=\"15fbab5\" data-element_type=\"container\" data-settings=\"{&quot;content_width&quot;:&quot;full&quot;,&quot;container_type&quot;:&quot;flex&quot;}\">\n\t\t\t\t<div class=\"elementor-element elementor-element-8d62968 elementor-cta--skin-classic elementor-animated-content elementor-bg-transform elementor-bg-transform-zoom-in elementor-widget elementor-widget-call-to-action\" data-id=\"8d62968\" data-element_type=\"widget\" data-widget_type=\"call-to-action.default\">\n\t\t\t\t<div class=\"elementor-widget-container\">\n\t\t\t\t\t<div class=\"elementor-cta\">\n\t\t\t\t\t<div class=\"elementor-cta__bg-wrapper\">\n\t\t\t\t<div class=\"elementor-cta__bg elementor-bg\" style=\"background-image: url(https:\/\/vinhthinh.xyz\/wp-content\/uploads\/2025\/02\/DONG-PHUC-4.jpg);\" role=\"img\" aria-label=\"DONG PHUC-4\"><\/div>\n\t\t\t\t<div class=\"elementor-cta__bg-overlay\"><\/div>\n\t\t\t<\/div>\n\t\t\t\t\t\t\t<div class=\"elementor-cta__content\">\n\t\t\t\t\n\t\t\t\t\t\t\t\t\t<h2 class=\"elementor-cta__title elementor-cta__content-item elementor-content-item\">\n\t\t\t\t\t\tL\u1edbp 4\t\t\t\t\t<\/h2>\n\t\t\t\t\n\t\t\t\t\n\t\t\t\t\t\t\t\t\t<div class=\"elementor-cta__button-wrapper elementor-cta__content-item elementor-content-item\">\n\t\t\t\t\t<a class=\"elementor-cta__button elementor-button elementor-size-sm\" href=\"https:\/\/vinhthinh.xyz\/en\/danh_muc_lop_hoc\/lop-4\/\">\n\t\t\t\t\t\tSee more\t\t\t\t\t<\/a>\n\t\t\t\t\t<\/div>\n\t\t\t\t\t\t\t<\/div>\n\t\t\t\t\t\t<\/div>\n\t\t\t\t<\/div>\n\t\t\t\t<\/div>\n\t\t\t\t<\/div>\n\t\t<div class=\"elementor-element elementor-element-9b1ebfa e-con-full e-flex e-con e-child\" data-id=\"9b1ebfa\" data-element_type=\"container\" data-settings=\"{&quot;content_width&quot;:&quot;full&quot;,&quot;container_type&quot;:&quot;flex&quot;}\">\n\t\t\t\t<div class=\"elementor-element elementor-element-17de2d8 elementor-cta--skin-classic elementor-animated-content elementor-bg-transform elementor-bg-transform-zoom-in elementor-widget elementor-widget-call-to-action\" data-id=\"17de2d8\" data-element_type=\"widget\" data-widget_type=\"call-to-action.default\">\n\t\t\t\t<div class=\"elementor-widget-container\">\n\t\t\t\t\t<div class=\"elementor-cta\">\n\t\t\t\t\t<div class=\"elementor-cta__bg-wrapper\">\n\t\t\t\t<div class=\"elementor-cta__bg elementor-bg\" style=\"background-image: url(https:\/\/vinhthinh.xyz\/wp-content\/uploads\/2025\/02\/DONG-PHUC-4.jpg);\" role=\"img\" aria-label=\"DONG PHUC-4\"><\/div>\n\t\t\t\t<div class=\"elementor-cta__bg-overlay\"><\/div>\n\t\t\t<\/div>\n\t\t\t\t\t\t\t<div class=\"elementor-cta__content\">\n\t\t\t\t\n\t\t\t\t\t\t\t\t\t<h2 class=\"elementor-cta__title elementor-cta__content-item elementor-content-item\">\n\t\t\t\t\t\tL\u1edbp 5\t\t\t\t\t<\/h2>\n\t\t\t\t\n\t\t\t\t\n\t\t\t\t\t\t\t\t\t<div class=\"elementor-cta__button-wrapper elementor-cta__content-item elementor-content-item\">\n\t\t\t\t\t<a class=\"elementor-cta__button elementor-button elementor-size-sm\" href=\"https:\/\/vinhthinh.xyz\/en\/danh_muc_lop_hoc\/lop-5\/\">\n\t\t\t\t\t\tSee more\t\t\t\t\t<\/a>\n\t\t\t\t\t<\/div>\n\t\t\t\t\t\t\t<\/div>\n\t\t\t\t\t\t<\/div>\n\t\t\t\t<\/div>\n\t\t\t\t<\/div>\n\t\t\t\t<\/div>\n\t\t\t\t\t<\/div>\n\t\t\t\t<\/div>\n\t\t\t\t\t<\/div>\n\t\t\t\t<\/div>\n\t\t<div class=\"elementor-element elementor-element-0e3062c e-flex e-con-boxed e-con e-parent\" data-id=\"0e3062c\" data-element_type=\"container\" data-settings=\"{&quot;container_type&quot;:&quot;flex&quot;,&quot;content_width&quot;:&quot;boxed&quot;}\" data-core-v316-plus=\"true\">\n\t\t\t\t\t<div class=\"e-con-inner\">\n\t\t\t\t\t<\/div>\n\t\t\t\t<\/div>\n\t\t\t\t\t\t\t<\/div>","protected":false},"excerpt":{"rendered":"<p>T\u00e0i Nguy\u00ean V\u0129nh T\u1ecbnh Education V\u0129nh Th\u1ecbnh Education l\u00e0 c\u00f4ng ty chuy\u00ean \u0111\u1ea7u t\u01b0 v\u00e0 ph\u00e1t tri\u1ec3n trong l\u0129nh v\u1ef1c gi\u00e1o d\u1ee5c, cung c\u1ea5p \u0111\u1ed3ng ph\u1ee5c h\u1ecdc sinh ch\u1ea5t l\u01b0\u1ee3ng cao. C\u00f4ng ty cam k\u1ebft mang \u0111\u1ebfn s\u1ea3n ph\u1ea9m ph\u00f9 h\u1ee3p v\u1edbi nhu c\u1ea7u c\u1ee7a kh\u00e1ch h\u00e0ng qua ba b\u01b0\u1edbc ch\u00ednh: nh\u1eadn m\u1eabu, ch\u1ecdn v\u1ea3i<\/p>","protected":false},"author":1,"featured_media":0,"parent":0,"menu_order":0,"comment_status":"closed","ping_status":"closed","template":"elementor_header_footer","meta":{"footnotes":""},"yoast_head":"<!-- This site is optimized with the Yoast SEO Premium plugin v21.1 (Yoast SEO v21.1) - https:\/\/yoast.com\/wordpress\/plugins\/seo\/ -->\n<title>T\u00e0i nguy\u00ean - Vinh Thinh Company<\/title>\n<meta name=\"robots\" content=\"index, follow, max-snippet:-1, max-image-preview:large, max-video-preview:-1\" \/>\n<link rel=\"canonical\" href=\"https:\/\/vinhthinh.xyz\/en\/tai-nguyen\/\" \/>\n<meta property=\"og:locale\" content=\"en_US\" \/>\n<meta property=\"og:type\" content=\"article\" \/>\n<meta property=\"og:title\" content=\"T\u00e0i nguy\u00ean\" \/>\n<meta property=\"og:description\" content=\"T\u00e0i Nguy\u00ean V\u0129nh T\u1ecbnh Education V\u0129nh Th\u1ecbnh Education l\u00e0 c\u00f4ng ty chuy\u00ean \u0111\u1ea7u t\u01b0 v\u00e0 ph\u00e1t tri\u1ec3n trong l\u0129nh v\u1ef1c gi\u00e1o d\u1ee5c, cung c\u1ea5p \u0111\u1ed3ng ph\u1ee5c h\u1ecdc sinh ch\u1ea5t l\u01b0\u1ee3ng cao. C\u00f4ng ty cam k\u1ebft mang \u0111\u1ebfn s\u1ea3n ph\u1ea9m ph\u00f9 h\u1ee3p v\u1edbi nhu c\u1ea7u c\u1ee7a kh\u00e1ch h\u00e0ng qua ba b\u01b0\u1edbc ch\u00ednh: nh\u1eadn m\u1eabu, ch\u1ecdn v\u1ea3i\" \/>\n<meta property=\"og:url\" content=\"https:\/\/vinhthinh.xyz\/en\/tai-nguyen\/\" \/>\n<meta property=\"og:site_name\" content=\"Vinh Thinh Company\" \/>\n<meta property=\"article:modified_time\" content=\"2026-03-15T04:32:55+00:00\" \/>\n<meta property=\"og:image\" content=\"https:\/\/vinhthinh.xyz\/wp-content\/uploads\/2025\/02\/cau-lac-bo.jpg\" \/>\n<meta name=\"twitter:card\" content=\"summary_large_image\" \/>\n<meta name=\"twitter:label1\" content=\"Est. reading time\" \/>\n\t<meta name=\"twitter:data1\" content=\"1 minute\" \/>\n<script type=\"application\/ld+json\" class=\"yoast-schema-graph\">{\"@context\":\"https:\/\/schema.org\",\"@graph\":[{\"@type\":\"WebPage\",\"@id\":\"https:\/\/vinhthinh.xyz\/tai-nguyen\/\",\"url\":\"https:\/\/vinhthinh.xyz\/tai-nguyen\/\",\"name\":\"T\u00e0i nguy\u00ean - Vinh Thinh Company\",\"isPartOf\":{\"@id\":\"https:\/\/vinhthinh.xyz\/#website\"},\"datePublished\":\"2025-02-12T03:10:06+00:00\",\"dateModified\":\"2026-03-15T04:32:55+00:00\",\"breadcrumb\":{\"@id\":\"https:\/\/vinhthinh.xyz\/tai-nguyen\/#breadcrumb\"},\"inLanguage\":\"en-US\",\"potentialAction\":[{\"@type\":\"ReadAction\",\"target\":[\"https:\/\/vinhthinh.xyz\/tai-nguyen\/\"]}]},{\"@type\":\"BreadcrumbList\",\"@id\":\"https:\/\/vinhthinh.xyz\/tai-nguyen\/#breadcrumb\",\"itemListElement\":[{\"@type\":\"ListItem\",\"position\":1,\"name\":\"Home\",\"item\":\"https:\/\/vinhthinh.xyz\/\"},{\"@type\":\"ListItem\",\"position\":2,\"name\":\"T\u00e0i nguy\u00ean\"}]},{\"@type\":\"WebSite\",\"@id\":\"https:\/\/vinhthinh.xyz\/#website\",\"url\":\"https:\/\/vinhthinh.xyz\/\",\"name\":\"Vinh Thinh Company\",\"description\":\"\",\"publisher\":{\"@id\":\"https:\/\/vinhthinh.xyz\/#organization\"},\"potentialAction\":[{\"@type\":\"SearchAction\",\"target\":{\"@type\":\"EntryPoint\",\"urlTemplate\":\"https:\/\/vinhthinh.xyz\/?s={search_term_string}\"},\"query-input\":\"required name=search_term_string\"}],\"inLanguage\":\"en-US\"},{\"@type\":\"Organization\",\"@id\":\"https:\/\/vinhthinh.xyz\/#organization\",\"name\":\"Vinh Thinh Company\",\"url\":\"https:\/\/vinhthinh.xyz\/\",\"logo\":{\"@type\":\"ImageObject\",\"inLanguage\":\"en-US\",\"@id\":\"https:\/\/vinhthinh.xyz\/#\/schema\/logo\/image\/\",\"url\":\"https:\/\/vinhthinh.xyz\/wp-content\/uploads\/2025\/03\/LOGO_VINHTHINH_COMPANY-removebg-preview.png\",\"contentUrl\":\"https:\/\/vinhthinh.xyz\/wp-content\/uploads\/2025\/03\/LOGO_VINHTHINH_COMPANY-removebg-preview.png\",\"width\":500,\"height\":500,\"caption\":\"Vinh Thinh Company\"},\"image\":{\"@id\":\"https:\/\/vinhthinh.xyz\/#\/schema\/logo\/image\/\"}}]}<\/script>\n<!-- \/ Yoast SEO Premium plugin. -->","yoast_head_json":{"title":"T\u00e0i nguy\u00ean - Vinh Thinh Company","robots":{"index":"index","follow":"follow","max-snippet":"max-snippet:-1","max-image-preview":"max-image-preview:large","max-video-preview":"max-video-preview:-1"},"canonical":"https:\/\/vinhthinh.xyz\/en\/tai-nguyen\/","og_locale":"en_US","og_type":"article","og_title":"T\u00e0i nguy\u00ean","og_description":"T\u00e0i Nguy\u00ean V\u0129nh T\u1ecbnh Education V\u0129nh Th\u1ecbnh Education l\u00e0 c\u00f4ng ty chuy\u00ean \u0111\u1ea7u t\u01b0 v\u00e0 ph\u00e1t tri\u1ec3n trong l\u0129nh v\u1ef1c gi\u00e1o d\u1ee5c, cung c\u1ea5p \u0111\u1ed3ng ph\u1ee5c h\u1ecdc sinh ch\u1ea5t l\u01b0\u1ee3ng cao. C\u00f4ng ty cam k\u1ebft mang \u0111\u1ebfn s\u1ea3n ph\u1ea9m ph\u00f9 h\u1ee3p v\u1edbi nhu c\u1ea7u c\u1ee7a kh\u00e1ch h\u00e0ng qua ba b\u01b0\u1edbc ch\u00ednh: nh\u1eadn m\u1eabu, ch\u1ecdn v\u1ea3i","og_url":"https:\/\/vinhthinh.xyz\/en\/tai-nguyen\/","og_site_name":"Vinh Thinh Company","article_modified_time":"2026-03-15T04:32:55+00:00","og_image":[{"url":"https:\/\/vinhthinh.xyz\/wp-content\/uploads\/2025\/02\/cau-lac-bo.jpg"}],"twitter_card":"summary_large_image","twitter_misc":{"Est. reading time":"1 minute"},"schema":{"@context":"https:\/\/schema.org","@graph":[{"@type":"WebPage","@id":"https:\/\/vinhthinh.xyz\/tai-nguyen\/","url":"https:\/\/vinhthinh.xyz\/tai-nguyen\/","name":"T\u00e0i nguy\u00ean - Vinh Thinh Company","isPartOf":{"@id":"https:\/\/vinhthinh.xyz\/#website"},"datePublished":"2025-02-12T03:10:06+00:00","dateModified":"2026-03-15T04:32:55+00:00","breadcrumb":{"@id":"https:\/\/vinhthinh.xyz\/tai-nguyen\/#breadcrumb"},"inLanguage":"en-US","potentialAction":[{"@type":"ReadAction","target":["https:\/\/vinhthinh.xyz\/tai-nguyen\/"]}]},{"@type":"BreadcrumbList","@id":"https:\/\/vinhthinh.xyz\/tai-nguyen\/#breadcrumb","itemListElement":[{"@type":"ListItem","position":1,"name":"Home","item":"https:\/\/vinhthinh.xyz\/"},{"@type":"ListItem","position":2,"name":"T\u00e0i nguy\u00ean"}]},{"@type":"WebSite","@id":"https:\/\/vinhthinh.xyz\/#website","url":"https:\/\/vinhthinh.xyz\/","name":"Vinh Thinh Company","description":"","publisher":{"@id":"https:\/\/vinhthinh.xyz\/#organization"},"potentialAction":[{"@type":"SearchAction","target":{"@type":"EntryPoint","urlTemplate":"https:\/\/vinhthinh.xyz\/?s={search_term_string}"},"query-input":"required name=search_term_string"}],"inLanguage":"en-US"},{"@type":"Organization","@id":"https:\/\/vinhthinh.xyz\/#organization","name":"Vinh Thinh Company","url":"https:\/\/vinhthinh.xyz\/","logo":{"@type":"ImageObject","inLanguage":"en-US","@id":"https:\/\/vinhthinh.xyz\/#\/schema\/logo\/image\/","url":"https:\/\/vinhthinh.xyz\/wp-content\/uploads\/2025\/03\/LOGO_VINHTHINH_COMPANY-removebg-preview.png","contentUrl":"https:\/\/vinhthinh.xyz\/wp-content\/uploads\/2025\/03\/LOGO_VINHTHINH_COMPANY-removebg-preview.png","width":500,"height":500,"caption":"Vinh Thinh Company"},"image":{"@id":"https:\/\/vinhthinh.xyz\/#\/schema\/logo\/image\/"}}]}},"_links":{"self":[{"href":"https:\/\/vinhthinh.xyz\/en\/wp-json\/wp\/v2\/pages\/2370"}],"collection":[{"href":"https:\/\/vinhthinh.xyz\/en\/wp-json\/wp\/v2\/pages"}],"about":[{"href":"https:\/\/vinhthinh.xyz\/en\/wp-json\/wp\/v2\/types\/page"}],"author":[{"embeddable":true,"href":"https:\/\/vinhthinh.xyz\/en\/wp-json\/wp\/v2\/users\/1"}],"replies":[{"embeddable":true,"href":"https:\/\/vinhthinh.xyz\/en\/wp-json\/wp\/v2\/comments?post=2370"}],"version-history":[{"count":82,"href":"https:\/\/vinhthinh.xyz\/en\/wp-json\/wp\/v2\/pages\/2370\/revisions"}],"predecessor-version":[{"id":4897,"href":"https:\/\/vinhthinh.xyz\/en\/wp-json\/wp\/v2\/pages\/2370\/revisions\/4897"}],"wp:attachment":[{"href":"https:\/\/vinhthinh.xyz\/en\/wp-json\/wp\/v2\/media?parent=2370"}],"curies":[{"name":"wp","href":"https:\/\/api.w.org\/{rel}","templated":true}]}}