{"id":4456,"date":"2025-08-06T13:30:26","date_gmt":"2025-08-06T06:30:26","guid":{"rendered":"https:\/\/vinhthinh.xyz\/?page_id=4456"},"modified":"2025-08-06T13:30:52","modified_gmt":"2025-08-06T06:30:52","slug":"khoa-hoc-cam-hoa-can-ban","status":"publish","type":"page","link":"https:\/\/vinhthinh.xyz\/en\/khoa-hoc-cam-hoa-can-ban\/","title":{"rendered":"KH\u00d3A H\u1eccC C\u1eaeM HOA C\u0102N B\u1ea2N"},"content":{"rendered":"<div data-elementor-type=\"wp-page\" data-elementor-id=\"4456\" class=\"elementor elementor-4456\" data-elementor-post-type=\"page\">\n\t\t\t\t\t\t\t<div class=\"elementor-element elementor-element-41db3f1 e-flex e-con-boxed e-con e-parent\" data-id=\"41db3f1\" data-element_type=\"container\" data-settings=\"{&quot;container_type&quot;:&quot;flex&quot;,&quot;content_width&quot;:&quot;boxed&quot;}\" data-core-v316-plus=\"true\">\n\t\t\t\t\t<div class=\"e-con-inner\">\n\t\t<div class=\"elementor-element elementor-element-b7907f5 e-con-full e-flex e-con e-child\" data-id=\"b7907f5\" data-element_type=\"container\" data-settings=\"{&quot;content_width&quot;:&quot;full&quot;,&quot;container_type&quot;:&quot;flex&quot;}\">\n\t\t\t\t<div class=\"elementor-element elementor-element-22a7300 elementor-widget elementor-widget-image\" data-id=\"22a7300\" data-element_type=\"widget\" data-widget_type=\"image.default\">\n\t\t\t\t<div class=\"elementor-widget-container\">\n\t\t\t<style>\/*! elementor - v3.16.0 - 14-09-2023 *\/\n.elementor-widget-image{text-align:center}.elementor-widget-image a{display:inline-block}.elementor-widget-image a img[src$=\".svg\"]{width:48px}.elementor-widget-image img{vertical-align:middle;display:inline-block}<\/style>\t\t\t\t\t\t\t\t\t\t\t\t<img loading=\"lazy\" decoding=\"async\" width=\"640\" height=\"480\" src=\"https:\/\/vinhthinh.xyz\/wp-content\/uploads\/2025\/08\/cam-hoa-hong-ngay-tet-mau-thap-SagoGifts.jpg\" class=\"attachment-large size-large wp-image-4458\" alt=\"\" srcset=\"https:\/\/vinhthinh.xyz\/wp-content\/uploads\/2025\/08\/cam-hoa-hong-ngay-tet-mau-thap-SagoGifts.jpg 800w, https:\/\/vinhthinh.xyz\/wp-content\/uploads\/2025\/08\/cam-hoa-hong-ngay-tet-mau-thap-SagoGifts-300x225.jpg 300w, https:\/\/vinhthinh.xyz\/wp-content\/uploads\/2025\/08\/cam-hoa-hong-ngay-tet-mau-thap-SagoGifts-768x576.jpg 768w, https:\/\/vinhthinh.xyz\/wp-content\/uploads\/2025\/08\/cam-hoa-hong-ngay-tet-mau-thap-SagoGifts-16x12.jpg 16w, https:\/\/vinhthinh.xyz\/wp-content\/uploads\/2025\/08\/cam-hoa-hong-ngay-tet-mau-thap-SagoGifts-600x450.jpg 600w\" sizes=\"(max-width: 640px) 100vw, 640px\" \/>\t\t\t\t\t\t\t\t\t\t\t\t\t\t\t<\/div>\n\t\t\t\t<\/div>\n\t\t\t\t<\/div>\n\t\t<div class=\"elementor-element elementor-element-231639a e-con-full e-flex e-con e-child\" data-id=\"231639a\" data-element_type=\"container\" data-settings=\"{&quot;content_width&quot;:&quot;full&quot;,&quot;container_type&quot;:&quot;flex&quot;}\">\n\t\t\t\t<div class=\"elementor-element elementor-element-eb945d5 elementor-widget elementor-widget-text-editor\" data-id=\"eb945d5\" data-element_type=\"widget\" data-widget_type=\"text-editor.default\">\n\t\t\t\t<div class=\"elementor-widget-container\">\n\t\t\t<style>\/*! elementor - v3.16.0 - 14-09-2023 *\/\n.elementor-widget-text-editor.elementor-drop-cap-view-stacked .elementor-drop-cap{background-color:#69727d;color:#fff}.elementor-widget-text-editor.elementor-drop-cap-view-framed .elementor-drop-cap{color:#69727d;border:3px solid;background-color:transparent}.elementor-widget-text-editor:not(.elementor-drop-cap-view-default) .elementor-drop-cap{margin-top:8px}.elementor-widget-text-editor:not(.elementor-drop-cap-view-default) .elementor-drop-cap-letter{width:1em;height:1em}.elementor-widget-text-editor .elementor-drop-cap{float:left;text-align:center;line-height:1;font-size:50px}.elementor-widget-text-editor .elementor-drop-cap-letter{display:inline-block}<\/style>\t\t\t\t<h3><strong>1. \u0110\u1ed1i t\u01b0\u1ee3ng h\u1ecdc vi\u00ean:<\/strong><\/h3><ul><li>Nh\u1eefng b\u1ea1n y\u00eau hoa nh\u01b0ng ch\u01b0a t\u1eebng c\u00f3 kinh nghi\u1ec7m, mong mu\u1ed1n hi\u1ec3u v\u1ec1 hoa v\u00e0 tr\u1ea3i nghi\u1ec7m t\u1ef1 c\u1eafm hoa theo s\u1edf th\u00edch ho\u1eb7c b\u00f3 hoa t\u1eb7ng b\u1ea1n b\u00e8, ng\u01b0\u1eddi th\u00e2n<\/li><li>C\u00e1c b\u1ea1n tr\u1ebb \u0111\u1ecbnh h\u01b0\u1edbng ngh\u1ec1 nghi\u1ec7p t\u01b0\u01a1ng lai trong l\u0129nh v\u1ef1c hoa t\u01b0\u01a1i, \u0111\u1ec3 tr\u1edf th\u00e0nh florist chuy\u00ean nghi\u1ec7p, ho\u1eb7c \u1ee9ng d\u1ee5ng hoa t\u01b0\u01a1i trong trang tr\u00ed s\u1ef1 ki\u1ec7n, ti\u1ec7c c\u01b0\u1edbi, wedding planner.<\/li><li>Ch\u1ee7 shop hoa \u0111ang trong qu\u00e1 tr\u00ecnh kh\u1edfi nghi\u1ec7p, mong mu\u1ed1n n\u1eafm v\u1eefng ki\u1ebfn th\u1ee9c trong thi\u1ebft k\u1ebf hoa \u0111\u1ec3 \u0111\u1ecbnh h\u00ecnh phong c\u00e1ch cho th\u01b0\u01a1ng hi\u1ec7u v\u00e0 \u0111\u00e0o t\u1ea1o nh\u00e2n vi\u00ean.<\/li><\/ul>\t\t\t\t\t\t<\/div>\n\t\t\t\t<\/div>\n\t\t\t\t<\/div>\n\t\t<div class=\"elementor-element elementor-element-05b7172 e-con-full e-flex e-con e-child\" data-id=\"05b7172\" data-element_type=\"container\" data-settings=\"{&quot;content_width&quot;:&quot;full&quot;,&quot;container_type&quot;:&quot;flex&quot;}\">\n\t\t\t\t<div class=\"elementor-element elementor-element-60b9a37 elementor-widget elementor-widget-text-editor\" data-id=\"60b9a37\" data-element_type=\"widget\" data-widget_type=\"text-editor.default\">\n\t\t\t\t<div class=\"elementor-widget-container\">\n\t\t\t\t\t\t\t<h3><strong>2. N\u1ed9i dung kh\u00f3a h\u1ecdc<\/strong><\/h3><ul><li>T\u00ecm hi\u1ec3u v\u1ec1 m\u00e0u s\u1eafc, xu h\u01b0\u1edbng ph\u1ed1i m\u00e0u cho hoa, \u1ee9ng d\u1ee5ng m\u00e0u s\u1eafc trong t\u1eebng s\u1ef1 ki\u1ec7n.<\/li><li>C\u1eafm hoa th\u1ea3 b\u00ecnh c\u01a1 b\u1ea3n. C\u00e1ch ch\u1ecdn hoa t\u01b0\u01a1i, k\u1ef9 thu\u1eadt x\u1eed l\u00fd v\u00e0 ch\u0103m s\u00f3c \u0111\u1ec3 tr\u01b0ng b\u00e0y hoa t\u01b0\u01a1i l\u00e2u<\/li><li>Th\u1ef1c h\u00e0nh b\u00f3 hoa c\u01a1 b\u1ea3n, k\u1ef9 thu\u1eadt b\u00f3 x\u00e9o g\u1ed1c.<\/li><li>Th\u1ef1c h\u00e0nh b\u00f3 hoa n\u00e2ng cao, b\u00f3 gi\u1ea5y ho\u00e0n thi\u1ec7n.<\/li><li>Th\u1ef1c h\u00e0nh c\u1eafm hoa c\u01a1 b\u1ea3n (trang tr\u00ed h\u1ed9p hoa).<\/li><li>Th\u1ef1c h\u00e0nh c\u1eafm l\u1eb5ng hoa ch\u00fac m\u1eebng.<\/li><li>Th\u1ef1c h\u00e0nh c\u1eafm k\u1ec7 hoa khai tr\u01b0\u01a1ng.<\/li><li>Th\u1ef1c h\u00e0nh b\u00f3 hoa c\u01b0\u1edbi v\u00e0 c\u00e1c ph\u1ee5 ki\u1ec7n hoa ch\u00fa r\u1ec3.<\/li><\/ul><h3><strong>3. K\u1ef9 n\u0103ng \u0111\u1ea1t \u0111\u01b0\u1ee3c sau kh\u00f3a h\u1ecdc<\/strong><\/h3><ul><li>Hi\u1ec3u \u0111\u01b0\u1ee3c v\u1ec1 sinh l\u00fd v\u00e0 nh\u1eefng ki\u1ebfn th\u1ee9c n\u1ec1n t\u1ea3ng sinh h\u1ecdc \u1ee9ng d\u1ee5ng cho hoa c\u1eaft c\u00e0nh.<\/li><li>N\u1eafm b\u1eaft \u0111\u01b0\u1ee3c c\u00e1ch ch\u1ecdn v\u00e0 \u1ee9ng d\u1ee5ng m\u00e0u s\u1eafc hoa cho t\u1eebng s\u1ef1 ki\u1ec7n s\u1eafc, xu h\u01b0\u1edbng m\u00e0u c\u1ee7a n\u0103m.<\/li><li>Ho\u00e0n thi\u1ec7n k\u1ef9 n\u0103ng b\u00f3 v\u00e0 c\u1eafm hoa c\u01a1 b\u1ea3n, th\u1ef1c h\u00e0nh c\u00e1c th\u00e0nh ph\u1ea9m hoa th\u00f4ng d\u1ee5ng.<\/li><\/ul>\t\t\t\t\t\t<\/div>\n\t\t\t\t<\/div>\n\t\t\t\t<\/div>\n\t\t\t\t\t<\/div>\n\t\t\t\t<\/div>\n\t\t<div class=\"elementor-element elementor-element-62cb545 e-flex e-con-boxed e-con e-parent\" data-id=\"62cb545\" data-element_type=\"container\" data-settings=\"{&quot;container_type&quot;:&quot;flex&quot;,&quot;content_width&quot;:&quot;boxed&quot;}\" data-core-v316-plus=\"true\">\n\t\t\t\t\t<div class=\"e-con-inner\">\n\t\t<div class=\"elementor-element elementor-element-8a5fe0b e-con-full e-flex e-con e-child\" data-id=\"8a5fe0b\" data-element_type=\"container\" data-settings=\"{&quot;content_width&quot;:&quot;full&quot;,&quot;container_type&quot;:&quot;flex&quot;}\">\n\t\t\t\t<\/div>\n\t\t<div class=\"elementor-element elementor-element-b1dd90b e-con-full e-flex e-con e-child\" data-id=\"b1dd90b\" data-element_type=\"container\" data-settings=\"{&quot;content_width&quot;:&quot;full&quot;,&quot;container_type&quot;:&quot;flex&quot;}\">\n\t\t\t\t<div class=\"elementor-element elementor-element-aa957b3 elementor-align-center elementor-widget elementor-widget-button\" data-id=\"aa957b3\" data-element_type=\"widget\" data-widget_type=\"button.default\">\n\t\t\t\t<div class=\"elementor-widget-container\">\n\t\t\t\t\t<div class=\"elementor-button-wrapper\">\n\t\t\t<a class=\"elementor-button elementor-button-link elementor-size-lg\" href=\"https:\/\/vinhthinh.xyz\/en\/linhvuchoatdong\/create-a-flower-valve-to-learn-more-day-by-day\/\">\n\t\t\t\t\t\t<span class=\"elementor-button-content-wrapper\">\n\t\t\t\t\t\t<span class=\"elementor-button-text\">Quay v\u1ec1<\/span>\n\t\t<\/span>\n\t\t\t\t\t<\/a>\n\t\t<\/div>\n\t\t\t\t<\/div>\n\t\t\t\t<\/div>\n\t\t\t\t<\/div>\n\t\t<div class=\"elementor-element elementor-element-728aa49 e-con-full e-flex e-con e-child\" data-id=\"728aa49\" data-element_type=\"container\" data-settings=\"{&quot;content_width&quot;:&quot;full&quot;,&quot;container_type&quot;:&quot;flex&quot;}\">\n\t\t\t\t<\/div>\n\t\t<div class=\"elementor-element elementor-element-15b9fda e-con-full e-flex e-con e-child\" data-id=\"15b9fda\" data-element_type=\"container\" data-settings=\"{&quot;content_width&quot;:&quot;full&quot;,&quot;container_type&quot;:&quot;flex&quot;}\">\n\t\t\t\t<\/div>\n\t\t<div class=\"elementor-element elementor-element-2bdadc9 e-con-full e-flex e-con e-child\" data-id=\"2bdadc9\" data-element_type=\"container\" data-settings=\"{&quot;content_width&quot;:&quot;full&quot;,&quot;container_type&quot;:&quot;flex&quot;}\">\n\t\t\t\t<\/div>\n\t\t<div class=\"elementor-element elementor-element-1cf5384 e-con-full e-flex e-con e-child\" data-id=\"1cf5384\" data-element_type=\"container\" data-settings=\"{&quot;content_width&quot;:&quot;full&quot;,&quot;container_type&quot;:&quot;flex&quot;}\">\n\t\t\t\t<\/div>\n\t\t\t\t\t<\/div>\n\t\t\t\t<\/div>\n\t\t\t\t\t\t\t<\/div>","protected":false},"excerpt":{"rendered":"<p>1. \u0110\u1ed1i t\u01b0\u1ee3ng h\u1ecdc vi\u00ean: Nh\u1eefng b\u1ea1n y\u00eau hoa nh\u01b0ng ch\u01b0a t\u1eebng c\u00f3 kinh nghi\u1ec7m, mong mu\u1ed1n hi\u1ec3u v\u1ec1 hoa v\u00e0 tr\u1ea3i nghi\u1ec7m t\u1ef1 c\u1eafm hoa theo s\u1edf th\u00edch ho\u1eb7c b\u00f3 hoa t\u1eb7ng b\u1ea1n b\u00e8, ng\u01b0\u1eddi th\u00e2n C\u00e1c b\u1ea1n tr\u1ebb \u0111\u1ecbnh h\u01b0\u1edbng ngh\u1ec1 nghi\u1ec7p t\u01b0\u01a1ng lai trong l\u0129nh v\u1ef1c hoa t\u01b0\u01a1i, \u0111\u1ec3 tr\u1edf th\u00e0nh florist<\/p>","protected":false},"author":1,"featured_media":0,"parent":0,"menu_order":0,"comment_status":"closed","ping_status":"closed","template":"","meta":{"footnotes":""},"yoast_head":"<!-- This site is optimized with the Yoast SEO Premium plugin v21.1 (Yoast SEO v21.1) - https:\/\/yoast.com\/wordpress\/plugins\/seo\/ -->\n<title>KH\u00d3A H\u1eccC C\u1eaeM HOA C\u0102N B\u1ea2N - Vinh Thinh Company<\/title>\n<meta name=\"robots\" content=\"index, follow, max-snippet:-1, max-image-preview:large, max-video-preview:-1\" \/>\n<link rel=\"canonical\" href=\"https:\/\/vinhthinh.xyz\/en\/khoa-hoc-cam-hoa-can-ban\/\" \/>\n<meta property=\"og:locale\" content=\"en_US\" \/>\n<meta property=\"og:type\" content=\"article\" \/>\n<meta property=\"og:title\" content=\"KH\u00d3A H\u1eccC C\u1eaeM HOA C\u0102N B\u1ea2N\" \/>\n<meta property=\"og:description\" content=\"1. \u0110\u1ed1i t\u01b0\u1ee3ng h\u1ecdc vi\u00ean: Nh\u1eefng b\u1ea1n y\u00eau hoa nh\u01b0ng ch\u01b0a t\u1eebng c\u00f3 kinh nghi\u1ec7m, mong mu\u1ed1n hi\u1ec3u v\u1ec1 hoa v\u00e0 tr\u1ea3i nghi\u1ec7m t\u1ef1 c\u1eafm hoa theo s\u1edf th\u00edch ho\u1eb7c b\u00f3 hoa t\u1eb7ng b\u1ea1n b\u00e8, ng\u01b0\u1eddi th\u00e2n C\u00e1c b\u1ea1n tr\u1ebb \u0111\u1ecbnh h\u01b0\u1edbng ngh\u1ec1 nghi\u1ec7p t\u01b0\u01a1ng lai trong l\u0129nh v\u1ef1c hoa t\u01b0\u01a1i, \u0111\u1ec3 tr\u1edf th\u00e0nh florist\" \/>\n<meta property=\"og:url\" content=\"https:\/\/vinhthinh.xyz\/en\/khoa-hoc-cam-hoa-can-ban\/\" \/>\n<meta property=\"og:site_name\" content=\"Vinh Thinh Company\" \/>\n<meta property=\"article:modified_time\" content=\"2025-08-06T06:30:52+00:00\" \/>\n<meta property=\"og:image\" content=\"https:\/\/vinhthinh.xyz\/wp-content\/uploads\/2025\/08\/cam-hoa-hong-ngay-tet-mau-thap-SagoGifts.jpg\" \/>\n<meta name=\"twitter:card\" content=\"summary_large_image\" \/>\n<meta name=\"twitter:label1\" content=\"Est. reading time\" \/>\n\t<meta name=\"twitter:data1\" content=\"2 minutes\" \/>\n<script type=\"application\/ld+json\" class=\"yoast-schema-graph\">{\"@context\":\"https:\/\/schema.org\",\"@graph\":[{\"@type\":\"WebPage\",\"@id\":\"https:\/\/vinhthinh.xyz\/khoa-hoc-cam-hoa-can-ban\/\",\"url\":\"https:\/\/vinhthinh.xyz\/khoa-hoc-cam-hoa-can-ban\/\",\"name\":\"KH\u00d3A H\u1eccC C\u1eaeM HOA C\u0102N B\u1ea2N - Vinh Thinh Company\",\"isPartOf\":{\"@id\":\"https:\/\/vinhthinh.xyz\/#website\"},\"datePublished\":\"2025-08-06T06:30:26+00:00\",\"dateModified\":\"2025-08-06T06:30:52+00:00\",\"breadcrumb\":{\"@id\":\"https:\/\/vinhthinh.xyz\/khoa-hoc-cam-hoa-can-ban\/#breadcrumb\"},\"inLanguage\":\"en-US\",\"potentialAction\":[{\"@type\":\"ReadAction\",\"target\":[\"https:\/\/vinhthinh.xyz\/khoa-hoc-cam-hoa-can-ban\/\"]}]},{\"@type\":\"BreadcrumbList\",\"@id\":\"https:\/\/vinhthinh.xyz\/khoa-hoc-cam-hoa-can-ban\/#breadcrumb\",\"itemListElement\":[{\"@type\":\"ListItem\",\"position\":1,\"name\":\"Home\",\"item\":\"https:\/\/vinhthinh.xyz\/\"},{\"@type\":\"ListItem\",\"position\":2,\"name\":\"KH\u00d3A H\u1eccC C\u1eaeM HOA C\u0102N B\u1ea2N\"}]},{\"@type\":\"WebSite\",\"@id\":\"https:\/\/vinhthinh.xyz\/#website\",\"url\":\"https:\/\/vinhthinh.xyz\/\",\"name\":\"Vinh Thinh Company\",\"description\":\"\",\"publisher\":{\"@id\":\"https:\/\/vinhthinh.xyz\/#organization\"},\"potentialAction\":[{\"@type\":\"SearchAction\",\"target\":{\"@type\":\"EntryPoint\",\"urlTemplate\":\"https:\/\/vinhthinh.xyz\/?s={search_term_string}\"},\"query-input\":\"required name=search_term_string\"}],\"inLanguage\":\"en-US\"},{\"@type\":\"Organization\",\"@id\":\"https:\/\/vinhthinh.xyz\/#organization\",\"name\":\"Vinh Thinh Company\",\"url\":\"https:\/\/vinhthinh.xyz\/\",\"logo\":{\"@type\":\"ImageObject\",\"inLanguage\":\"en-US\",\"@id\":\"https:\/\/vinhthinh.xyz\/#\/schema\/logo\/image\/\",\"url\":\"https:\/\/vinhthinh.xyz\/wp-content\/uploads\/2025\/03\/LOGO_VINHTHINH_COMPANY-removebg-preview.png\",\"contentUrl\":\"https:\/\/vinhthinh.xyz\/wp-content\/uploads\/2025\/03\/LOGO_VINHTHINH_COMPANY-removebg-preview.png\",\"width\":500,\"height\":500,\"caption\":\"Vinh Thinh Company\"},\"image\":{\"@id\":\"https:\/\/vinhthinh.xyz\/#\/schema\/logo\/image\/\"}}]}<\/script>\n<!-- \/ Yoast SEO Premium plugin. -->","yoast_head_json":{"title":"KH\u00d3A H\u1eccC C\u1eaeM HOA C\u0102N B\u1ea2N - Vinh Thinh Company","robots":{"index":"index","follow":"follow","max-snippet":"max-snippet:-1","max-image-preview":"max-image-preview:large","max-video-preview":"max-video-preview:-1"},"canonical":"https:\/\/vinhthinh.xyz\/en\/khoa-hoc-cam-hoa-can-ban\/","og_locale":"en_US","og_type":"article","og_title":"KH\u00d3A H\u1eccC C\u1eaeM HOA C\u0102N B\u1ea2N","og_description":"1. \u0110\u1ed1i t\u01b0\u1ee3ng h\u1ecdc vi\u00ean: Nh\u1eefng b\u1ea1n y\u00eau hoa nh\u01b0ng ch\u01b0a t\u1eebng c\u00f3 kinh nghi\u1ec7m, mong mu\u1ed1n hi\u1ec3u v\u1ec1 hoa v\u00e0 tr\u1ea3i nghi\u1ec7m t\u1ef1 c\u1eafm hoa theo s\u1edf th\u00edch ho\u1eb7c b\u00f3 hoa t\u1eb7ng b\u1ea1n b\u00e8, ng\u01b0\u1eddi th\u00e2n C\u00e1c b\u1ea1n tr\u1ebb \u0111\u1ecbnh h\u01b0\u1edbng ngh\u1ec1 nghi\u1ec7p t\u01b0\u01a1ng lai trong l\u0129nh v\u1ef1c hoa t\u01b0\u01a1i, \u0111\u1ec3 tr\u1edf th\u00e0nh florist","og_url":"https:\/\/vinhthinh.xyz\/en\/khoa-hoc-cam-hoa-can-ban\/","og_site_name":"Vinh Thinh Company","article_modified_time":"2025-08-06T06:30:52+00:00","og_image":[{"url":"https:\/\/vinhthinh.xyz\/wp-content\/uploads\/2025\/08\/cam-hoa-hong-ngay-tet-mau-thap-SagoGifts.jpg"}],"twitter_card":"summary_large_image","twitter_misc":{"Est. reading time":"2 minutes"},"schema":{"@context":"https:\/\/schema.org","@graph":[{"@type":"WebPage","@id":"https:\/\/vinhthinh.xyz\/khoa-hoc-cam-hoa-can-ban\/","url":"https:\/\/vinhthinh.xyz\/khoa-hoc-cam-hoa-can-ban\/","name":"KH\u00d3A H\u1eccC C\u1eaeM HOA C\u0102N B\u1ea2N - Vinh Thinh Company","isPartOf":{"@id":"https:\/\/vinhthinh.xyz\/#website"},"datePublished":"2025-08-06T06:30:26+00:00","dateModified":"2025-08-06T06:30:52+00:00","breadcrumb":{"@id":"https:\/\/vinhthinh.xyz\/khoa-hoc-cam-hoa-can-ban\/#breadcrumb"},"inLanguage":"en-US","potentialAction":[{"@type":"ReadAction","target":["https:\/\/vinhthinh.xyz\/khoa-hoc-cam-hoa-can-ban\/"]}]},{"@type":"BreadcrumbList","@id":"https:\/\/vinhthinh.xyz\/khoa-hoc-cam-hoa-can-ban\/#breadcrumb","itemListElement":[{"@type":"ListItem","position":1,"name":"Home","item":"https:\/\/vinhthinh.xyz\/"},{"@type":"ListItem","position":2,"name":"KH\u00d3A H\u1eccC C\u1eaeM HOA C\u0102N B\u1ea2N"}]},{"@type":"WebSite","@id":"https:\/\/vinhthinh.xyz\/#website","url":"https:\/\/vinhthinh.xyz\/","name":"Vinh Thinh Company","description":"","publisher":{"@id":"https:\/\/vinhthinh.xyz\/#organization"},"potentialAction":[{"@type":"SearchAction","target":{"@type":"EntryPoint","urlTemplate":"https:\/\/vinhthinh.xyz\/?s={search_term_string}"},"query-input":"required name=search_term_string"}],"inLanguage":"en-US"},{"@type":"Organization","@id":"https:\/\/vinhthinh.xyz\/#organization","name":"Vinh Thinh Company","url":"https:\/\/vinhthinh.xyz\/","logo":{"@type":"ImageObject","inLanguage":"en-US","@id":"https:\/\/vinhthinh.xyz\/#\/schema\/logo\/image\/","url":"https:\/\/vinhthinh.xyz\/wp-content\/uploads\/2025\/03\/LOGO_VINHTHINH_COMPANY-removebg-preview.png","contentUrl":"https:\/\/vinhthinh.xyz\/wp-content\/uploads\/2025\/03\/LOGO_VINHTHINH_COMPANY-removebg-preview.png","width":500,"height":500,"caption":"Vinh Thinh Company"},"image":{"@id":"https:\/\/vinhthinh.xyz\/#\/schema\/logo\/image\/"}}]}},"_links":{"self":[{"href":"https:\/\/vinhthinh.xyz\/en\/wp-json\/wp\/v2\/pages\/4456"}],"collection":[{"href":"https:\/\/vinhthinh.xyz\/en\/wp-json\/wp\/v2\/pages"}],"about":[{"href":"https:\/\/vinhthinh.xyz\/en\/wp-json\/wp\/v2\/types\/page"}],"author":[{"embeddable":true,"href":"https:\/\/vinhthinh.xyz\/en\/wp-json\/wp\/v2\/users\/1"}],"replies":[{"embeddable":true,"href":"https:\/\/vinhthinh.xyz\/en\/wp-json\/wp\/v2\/comments?post=4456"}],"version-history":[{"count":4,"href":"https:\/\/vinhthinh.xyz\/en\/wp-json\/wp\/v2\/pages\/4456\/revisions"}],"predecessor-version":[{"id":4461,"href":"https:\/\/vinhthinh.xyz\/en\/wp-json\/wp\/v2\/pages\/4456\/revisions\/4461"}],"wp:attachment":[{"href":"https:\/\/vinhthinh.xyz\/en\/wp-json\/wp\/v2\/media?parent=4456"}],"curies":[{"name":"wp","href":"https:\/\/api.w.org\/{rel}","templated":true}]}}