{"id":4465,"date":"2025-08-06T14:00:20","date_gmt":"2025-08-06T07:00:20","guid":{"rendered":"https:\/\/vinhthinh.xyz\/?page_id=4465"},"modified":"2025-08-06T14:00:32","modified_gmt":"2025-08-06T07:00:32","slug":"khoa-hoc-dien-dan-dung-hoc-nghe-dien-ngan-han-de-di-lam","status":"publish","type":"page","link":"https:\/\/vinhthinh.xyz\/en\/khoa-hoc-dien-dan-dung-hoc-nghe-dien-ngan-han-de-di-lam\/","title":{"rendered":"KH\u00d3A H\u1eccC \u0110I\u1ec6N D\u00c2N D\u1ee4NG &#8211; H\u1ecdc ngh\u1ec1 \u0110i\u1ec7n ng\u1eafn h\u1ea1n \u0111\u1ec3 \u0111i l\u00e0m"},"content":{"rendered":"<div data-elementor-type=\"wp-page\" data-elementor-id=\"4465\" class=\"elementor elementor-4465\" data-elementor-post-type=\"page\">\n\t\t\t\t\t\t\t<div class=\"elementor-element elementor-element-0daf9ee e-flex e-con-boxed e-con e-parent\" data-id=\"0daf9ee\" data-element_type=\"container\" data-settings=\"{&quot;container_type&quot;:&quot;flex&quot;,&quot;content_width&quot;:&quot;boxed&quot;}\" data-core-v316-plus=\"true\">\n\t\t\t\t\t<div class=\"e-con-inner\">\n\t\t<div class=\"elementor-element elementor-element-cfdf0b1 e-con-full e-flex e-con e-child\" data-id=\"cfdf0b1\" data-element_type=\"container\" data-settings=\"{&quot;content_width&quot;:&quot;full&quot;,&quot;container_type&quot;:&quot;flex&quot;}\">\n\t\t\t\t<div class=\"elementor-element elementor-element-63d745a elementor-widget elementor-widget-image\" data-id=\"63d745a\" data-element_type=\"widget\" data-widget_type=\"image.default\">\n\t\t\t\t<div class=\"elementor-widget-container\">\n\t\t\t<style>\/*! elementor - v3.16.0 - 14-09-2023 *\/\n.elementor-widget-image{text-align:center}.elementor-widget-image a{display:inline-block}.elementor-widget-image a img[src$=\".svg\"]{width:48px}.elementor-widget-image img{vertical-align:middle;display:inline-block}<\/style>\t\t\t\t\t\t\t\t\t\t\t\t<img loading=\"lazy\" decoding=\"async\" width=\"640\" height=\"273\" src=\"https:\/\/vinhthinh.xyz\/wp-content\/uploads\/2023\/09\/SO-CAP-DIEN-1024x436.png\" class=\"attachment-large size-large wp-image-4305\" alt=\"\" srcset=\"https:\/\/vinhthinh.xyz\/wp-content\/uploads\/2023\/09\/SO-CAP-DIEN-1024x436.png 1024w, https:\/\/vinhthinh.xyz\/wp-content\/uploads\/2023\/09\/SO-CAP-DIEN-300x128.png 300w, https:\/\/vinhthinh.xyz\/wp-content\/uploads\/2023\/09\/SO-CAP-DIEN-768x327.png 768w, https:\/\/vinhthinh.xyz\/wp-content\/uploads\/2023\/09\/SO-CAP-DIEN-1536x654.png 1536w, https:\/\/vinhthinh.xyz\/wp-content\/uploads\/2023\/09\/SO-CAP-DIEN-18x8.png 18w, https:\/\/vinhthinh.xyz\/wp-content\/uploads\/2023\/09\/SO-CAP-DIEN-600x255.png 600w, https:\/\/vinhthinh.xyz\/wp-content\/uploads\/2023\/09\/SO-CAP-DIEN.png 1807w\" sizes=\"(max-width: 640px) 100vw, 640px\" \/>\t\t\t\t\t\t\t\t\t\t\t\t\t\t\t<\/div>\n\t\t\t\t<\/div>\n\t\t\t\t<\/div>\n\t\t<div class=\"elementor-element elementor-element-1789c9a e-con-full e-flex e-con e-child\" data-id=\"1789c9a\" data-element_type=\"container\" data-settings=\"{&quot;content_width&quot;:&quot;full&quot;,&quot;container_type&quot;:&quot;flex&quot;}\">\n\t\t\t\t<div class=\"elementor-element elementor-element-e8eebc8 elementor-widget elementor-widget-text-editor\" data-id=\"e8eebc8\" data-element_type=\"widget\" data-widget_type=\"text-editor.default\">\n\t\t\t\t<div class=\"elementor-widget-container\">\n\t\t\t<style>\/*! elementor - v3.16.0 - 14-09-2023 *\/\n.elementor-widget-text-editor.elementor-drop-cap-view-stacked .elementor-drop-cap{background-color:#69727d;color:#fff}.elementor-widget-text-editor.elementor-drop-cap-view-framed .elementor-drop-cap{color:#69727d;border:3px solid;background-color:transparent}.elementor-widget-text-editor:not(.elementor-drop-cap-view-default) .elementor-drop-cap{margin-top:8px}.elementor-widget-text-editor:not(.elementor-drop-cap-view-default) .elementor-drop-cap-letter{width:1em;height:1em}.elementor-widget-text-editor .elementor-drop-cap{float:left;text-align:center;line-height:1;font-size:50px}.elementor-widget-text-editor .elementor-drop-cap-letter{display:inline-block}<\/style>\t\t\t\t<div class=\"large-12 col pb-0 mb-0\"><div class=\"product-section-title container-width product-section-title-related uppercase\"><h1 class=\"text-center\">Kh\u00f3a h\u1ecdc \u0110i\u1ec7n d\u00e2n d\u1ee5ng &#8211; H\u1ecdc ngh\u1ec1 \u0110i\u1ec7n ng\u1eafn h\u1ea1n \u0111\u1ec3 \u0111i l\u00e0m<\/h1><\/div><\/div><div class=\"large-12 col\">\u00a0<\/div><div class=\"large-12 col pb-0 mb-0\"><div class=\"panel entry-content\"><div id=\"text-2796970198\" class=\"text text-justify\"><p><strong>Kh\u00f3a h\u1ecdc K\u1ef9 thu\u1eadt vi\u00ean \u0110i\u1ec7n d\u00e2n d\u1ee5ng<\/strong>\u00a0thu\u1ed9c nh\u00f3m ng\u00e0nh\u00a0<a href=\"https:\/\/www.huongnghiepaau.com\/ky-thuat-cong-nghe\">\u0111\u00e0o t\u1ea1o k\u1ef9 thu\u1eadt c\u00f4ng ngh\u1ec7<\/a>\u00a0gi\u00fap h\u1ecdc vi\u00ean th\u00e0nh th\u1ea1o nh\u1eefng k\u1ef9 n\u0103ng l\u1eafp \u0111\u1eb7t h\u1ec7 th\u1ed1ng \u0111i\u1ec7n, ph\u01b0\u01a1ng ph\u00e1p kh\u1eafc ph\u1ee5c s\u1ef1 c\u1ed1 v\u00e0 c\u00e1ch s\u1eeda ch\u1eefa, b\u1ea3o tr\u00ec c\u00e1c thi\u1ebft b\u1ecb \u0111i\u1ec7n. Ch\u01b0\u01a1ng tr\u00ecnh ch\u00fa tr\u1ecdng an to\u00e0n, ph\u00e1t tri\u1ec3n chuy\u00ean m\u00f4n c\u00f9ng c\u00e1c k\u1ef9 n\u0103ng b\u1ed5 tr\u1ee3 kh\u00e1c \u0111\u1ec3 h\u1ecdc vi\u00ean tr\u1edf n\u00ean chuy\u00ean nghi\u1ec7p, \u0111a n\u0103ng, l\u00e0nh ngh\u1ec1.<\/p><p>Nhu c\u1ea7u v\u1ec1 ngu\u1ed3n nh\u00e2n l\u1ef1c trong l\u0129nh v\u1ef1c\u00a0<strong>\u0111i\u1ec7n d\u00e2n d\u1ee5ng<\/strong>\u00a0ng\u00e0y c\u00e0ng t\u0103ng m\u1ea1nh. T\u1eeb c\u00e1c h\u1ed9 gia \u0111\u00ecnh, khu d\u00e2n c\u01b0 \u0111\u1ebfn c\u01a1 s\u1edf s\u1ea3n xu\u1ea5t kinh doanh lu\u00f4n c\u1ea7n nh\u1eefng k\u1ef9 thu\u1eadt vi\u00ean c\u00f3 k\u1ef9 n\u0103ng v\u00e0 s\u1ef1 hi\u1ec3u bi\u1ebft \u0111\u1ec3 l\u1eafp \u0111\u1eb7t, s\u1eeda ch\u1eefa, b\u1ea3o tr\u00ec h\u1ec7 th\u1ed1ng \u0111i\u1ec7n. Sau khi ho\u00e0n th\u00e0nh kh\u00f3a\u00a0<a href=\"https:\/\/www.huongnghiepaau.com\/khoa-hoc-dien-dan-dung\">h\u1ecdc ngh\u1ec1 \u0111i\u1ec7n d\u00e2n d\u1ee5ng<\/a>, v\u1edbi kinh nghi\u1ec7m v\u00e0 tay ngh\u1ec1 v\u1eefng v\u00e0ng, b\u1ea1n c\u00f3 th\u1ec3 \u0111\u1ea1t \u0111\u01b0\u1ee3c m\u1ee9c l\u01b0\u01a1ng r\u1ea5t h\u1ea5p d\u1eabn, c\u00f3 c\u01a1 h\u1ed9i t\u1ef1 m\u1edf c\u01a1 s\u1edf kinh doanh chuy\u00ean cung c\u1ea5p c\u00e1c d\u1ecbch v\u1ee5 nh\u01b0 l\u1eafp \u0111\u1eb7t m\u1ea1ng l\u01b0\u1edbi\u00a0<em>\u0111i\u1ec7n, s\u1eeda ch\u1eefa c\u00e1c thi\u1ebft b\u1ecb \u0111i\u1ec7n\u2026<\/em><\/p><\/div><\/div><\/div>\t\t\t\t\t\t<\/div>\n\t\t\t\t<\/div>\n\t\t\t\t<\/div>\n\t\t<div class=\"elementor-element elementor-element-a2f7b8f e-con-full e-flex e-con e-child\" data-id=\"a2f7b8f\" data-element_type=\"container\" data-settings=\"{&quot;content_width&quot;:&quot;full&quot;,&quot;container_type&quot;:&quot;flex&quot;}\">\n\t\t\t\t<div class=\"elementor-element elementor-element-6d10c2c elementor-widget elementor-widget-text-editor\" data-id=\"6d10c2c\" data-element_type=\"widget\" data-widget_type=\"text-editor.default\">\n\t\t\t\t<div class=\"elementor-widget-container\">\n\t\t\t\t\t\t\t<h2>Kh\u00f3a H\u1ecdc Ph\u00f9 H\u1ee3p Cho Ai?<\/h2><div class=\"accordion-inner\"><ul><li>Kh\u00e1ch h\u00e0ng \u0111am m\u00ea, y\u00eau th\u00edch ng\u00e0nh \u0111i\u1ec7n v\u00e0 mong mu\u1ed1n tr\u1edf th\u00e0nh m\u1ed9t k\u1ef9 thu\u1eadt vi\u00ean \u0111i\u1ec7n d\u00e2n d\u1ee5ng chuy\u00ean nghi\u1ec7p trong t\u01b0\u01a1ng lai.<\/li><li>H\u1ecdc vi\u00ean \u0111\u00e3 ho\u00e0n th\u00e0nh kh\u00f3a\u00a0<a href=\"https:\/\/www.huongnghiepaau.com\/sua-chua-dien-dan-dung\">h\u1ecdc s\u1eeda ch\u1eefa \u0110i\u1ec7n d\u00e2n d\u1ee5ng<\/a>\u00a0ho\u1eb7c S\u1eeda ch\u1eefa \u0110i\u1ec7n l\u1ea1nh d\u00e2n d\u1ee5ng mu\u1ed1n li\u00ean th\u00f4ng l\u00ean ch\u01b0\u01a1ng tr\u00ecnh K\u1ef9 thu\u1eadt vi\u00ean \u0110i\u1ec7n d\u00e2n d\u1ee5ng nh\u1eb1m n\u00e2ng cao tay ngh\u1ec1 v\u00e0 k\u1ef9 n\u0103ng chuy\u00ean m\u00f4n \u0111\u1ec3 \u0111a d\u1ea1ng h\u00f3a c\u01a1 h\u1ed9i ngh\u1ec1 nghi\u1ec7p.<\/li><li>Nh\u1eefng ng\u01b0\u1eddi \u0111ang l\u00e0m vi\u1ec7c trong l\u0129nh v\u1ef1c x\u00e2y d\u1ef1ng, b\u1ea3o tr\u00ec t\u00f2a nh\u00e0, n\u1ed9i th\u1ea5t, n\u01b0\u1edbc\u2026 c\u1ea7n c\u00f3 ki\u1ebfn th\u1ee9c, k\u1ef9 n\u0103ng v\u1ec1 h\u1ec7 th\u1ed1ng \u0111i\u1ec7n v\u00e0 ph\u00f2ng ch\u00e1y ch\u1eefa ch\u00e1y \u0111\u1ec3 c\u00f3 th\u1ec3 l\u1eafp \u0111\u1eb7t, b\u1ea3o tr\u00ec v\u00e0 s\u1eeda ch\u1eefa c\u00e1c thi\u1ebft b\u1ecb \u0111i\u1ec7n.<\/li><li>Sinh vi\u00ean \u0111ang theo h\u1ecdc c\u00e1c ng\u00e0nh li\u00ean quan \u0111\u1ebfn \u0111i\u1ec7n mu\u1ed1n ti\u1ebfp c\u1eadn ki\u1ebfn th\u1ee9c v\u00e0 k\u1ef9 n\u0103ng \u0111\u1ec3 gia t\u0103ng c\u01a1 h\u1ed9i khi t\u00ecm ki\u1ebfm vi\u1ec7c l\u00e0m.<\/li><li>Ch\u1ee7 s\u1edf h\u1eefu t\u00f2a nh\u00e0, ng\u01b0\u1eddi qu\u1ea3n l\u00fd t\u00f2a nh\u00e0 ho\u1eb7c doanh nghi\u1ec7p nh\u1ecf c\u00f3 th\u1ec3 tham gia kh\u00f3a h\u1ecdc \u0111\u1ec3 hi\u1ec3u r\u00f5 h\u01a1n v\u1ec1 m\u1ea1ng l\u01b0\u1edbi \u0111i\u1ec7n, t\u1eeb \u0111\u00f3 c\u00f3 th\u1ec3 qu\u1ea3n l\u00fd v\u00e0 gi\u00e1m s\u00e1t t\u1ed1t h\u01a1n.<\/li><li>Ng\u01b0\u1eddi mu\u1ed1n c\u1eadp nh\u1eadt k\u1ef9 n\u0103ng \u0111\u1ec3 s\u1eeda ch\u1eefa c\u00e1c thi\u1ebft b\u1ecb \u0111i\u1ec7n d\u00e2n d\u1ee5ng trong gia \u0111\u00ecnh ho\u1eb7c c\u00f3 \u00fd \u0111\u1ecbnh m\u1edf c\u1eeda h\u00e0ng cung c\u1ea5p c\u00e1c d\u1ecbch v\u1ee5 s\u1eeda ch\u1eefa v\u00e0 kinh doanh linh ki\u1ec7n \u0111i\u1ec7n d\u00e2n d\u1ee5ng.<\/li><li>K\u1ef9 thu\u1eadt vi\u00ean, th\u1ee3 s\u1eeda ch\u1eefa \u0111i\u1ec7n d\u00e2n d\u1ee5ng trong c\u00e1c m\u00f4 h\u00ecnh h\u1ed9 kinh doanh nh\u1ecf l\u1ebb, \u0111\u00e3 c\u00f3 kinh nghi\u1ec7m l\u00e0m vi\u1ec7c trong l\u0129nh v\u1ef1c n\u00e0y c\u00f3 th\u1ec3 tham gia kh\u00f3a h\u1ecdc \u0111\u1ec3 h\u1ec7 th\u1ed1ng ki\u1ebfn th\u1ee9c chuy\u00ean m\u00f4n v\u00e0 n\u00e2ng cao k\u1ef9 n\u0103ng th\u1ef1c h\u00e0nh.<\/li><\/ul><h2>\u01afu \u0110i\u1ec3m Kh\u00f3a H\u1ecdc Ngh\u1ec1 \u0110i\u1ec7n D\u00e2n D\u1ee5ng<\/h2><div class=\"accordion-inner\"><ul><li><strong>Kh\u00f3a h\u1ecdc \u0111i\u1ec7n d\u00e2n d\u1ee5ng<\/strong>\u00a0\u0111\u01b0\u1ee3c thi\u1ebft k\u1ebf bao qu\u00e1t to\u00e0n b\u1ed9 ki\u1ebfn th\u1ee9c t\u1eeb c\u01a1 b\u1ea3n \u0111\u1ebfn n\u00e2ng cao v\u1ec1 \u0111i\u1ec7n d\u00e2n d\u1ee5ng, gi\u00fap h\u1ecdc vi\u00ean n\u1eafm v\u1eefng c\u00e1c nguy\u00ean l\u00fd v\u00e0 k\u1ef9 thu\u1eadt c\u1ea7n thi\u1ebft.<\/li><li>Ch\u01b0\u01a1ng tr\u00ecnh \u0111\u00e0o t\u1ea1o trang b\u1ecb ki\u1ebfn th\u1ee9c l\u00fd thuy\u1ebft v\u1ec1 \u0111i\u1ec7n d\u00e2n d\u1ee5ng, hu\u1ea5n luy\u1ec7n k\u1ef9 n\u0103ng th\u1ef1c h\u00e0nh s\u1eeda ch\u1eefa, x\u1eed l\u00fd s\u1ef1 c\u1ed1 m\u1ed9t c\u00e1ch b\u00e0i b\u1ea3n.<\/li><li>H\u1ecdc vi\u00ean \u0111\u01b0\u1ee3c ti\u1ebfp thu ki\u1ebfn th\u1ee9c \u0111a d\u1ea1ng, t\u1eeb c\u01a1 b\u1ea3n \u0111\u1ebfn nh\u1eefng k\u1ef9 thu\u1eadt chuy\u00ean s\u00e2u, \u0111\u1ed3ng th\u1eddi r\u00e8n luy\u1ec7n tay ngh\u1ec1 th\u1ef1c t\u1ebf, s\u1eb5n s\u00e0ng \u0111\u1ea3m nh\u1eadn c\u00f4ng vi\u1ec7c ngay sau khi ho\u00e0n t\u1ea5t kh\u00f3a h\u1ecdc.<\/li><li>Kh\u00f3a h\u1ecdc \u0111\u1eb7t s\u1ef1 an to\u00e0n l\u00ean h\u00e0ng \u0111\u1ea7u, v\u1edbi nh\u1eefng b\u00e0i h\u1ecdc v\u1ec1 an to\u00e0n \u0111i\u1ec7n, ph\u01b0\u01a1ng ph\u00e1p b\u1ea3o \u0111\u1ea3m ph\u00f2ng ch\u00e1y ch\u1eefa ch\u00e1y, s\u01a1 c\u1ea5p c\u1ee9u v\u00e0 an to\u00e0n lao \u0111\u1ed9ng.<\/li><li>Ch\u01b0\u01a1ng tr\u00ecnh t\u00edch h\u1ee3p nh\u1eefng k\u1ef9 n\u0103ng quan tr\u1ecdng nh\u01b0 \u0111\u1ecdc b\u1ea3n v\u1ebd k\u1ef9 thu\u1eadt, l\u00e0m vi\u1ec7c nh\u00f3m v\u00e0 giao ti\u1ebfp gi\u00fap h\u1ecdc vi\u00ean tr\u1edf th\u00e0nh nh\u1eefng\u00a0<strong>k\u1ef9 thu\u1eadt vi\u00ean \u0111i\u1ec7n d\u00e2n d\u1ee5ng<\/strong>\u00a0\u0111a n\u0103ng, t\u1ef1 tin l\u00e0m vi\u1ec7c.<\/li><li>V\u1edbi ki\u1ebfn th\u1ee9c v\u00e0 k\u1ef9 n\u0103ng \u0111\u01b0\u1ee3c \u0111\u00e0o t\u1ea1o, h\u1ecdc vi\u00ean c\u00f3 th\u1ec3 l\u00e0m vi\u1ec7c t\u1ea1i c\u00e1c c\u00f4ng ty l\u1eafp \u0111\u1eb7t v\u00e0 b\u1ea3o tr\u00ec h\u1ec7 th\u1ed1ng \u0111i\u1ec7n d\u00e2n d\u1ee5ng, h\u1ecdc n\u00e2ng cao l\u00ean qu\u1ea3n l\u00fd, gi\u00e1m s\u00e1t, ho\u1eb7c kh\u1edfi nghi\u1ec7p kinh doanh d\u1ecbch v\u1ee5 s\u1eeda ch\u1eefa v\u00e0 bu\u00f4n b\u00e1n \u0111\u1ed3 \u0111i\u1ec7n d\u00e2n d\u1ee5ng.<\/li><li>Tham gia kh\u00f3a h\u1ecdc, h\u1ecdc vi\u00ean c\u00f3 c\u01a1 h\u1ed9i giao l\u01b0u, k\u1ebft n\u1ed1i v\u00e0 h\u1ee3p t\u00e1c v\u1edbi c\u00e1c chuy\u00ean gia, \u0111\u1ed3ng nghi\u1ec7p trong ng\u00e0nh, t\u1ea1o ra m\u1ed9t m\u1ea1ng l\u01b0\u1edbi chuy\u00ean ng\u00e0nh h\u1eefu \u00edch cho s\u1ef1 ph\u00e1t tri\u1ec3n ngh\u1ec1 nghi\u1ec7p v\u1ec1 sau.<\/li><li>Ho\u00e0n th\u00e0nh kh\u00f3a h\u1ecdc, h\u1ecdc vi\u00ean s\u1ebd nh\u1eadn ch\u1ee9ng ch\u1ec9 K\u1ef9 thu\u1eadt vi\u00ean \u0110i\u1ec7n d\u00e2n d\u1ee5ng, c\u00f3 gi\u00e1 tr\u1ecb tr\u00ean to\u00e0n qu\u1ed1c.<\/li><li>Ph\u00f2ng h\u1ecdc th\u1ef1c h\u00e0nh \u0111\u01b0\u1ee3c trang b\u1ecb \u0111\u1ea7y \u0111\u1ee7 thi\u1ebft b\u1ecb \u0111i\u1ec7n d\u00e2n d\u1ee5ng th\u1ef1c t\u1ebf, c\u00e1c linh ki\u1ec7n, d\u1ee5ng c\u1ee5 h\u1ecdc t\u1eadp \u0111\u01b0\u1ee3c \u0111\u1ea7u t\u01b0 hi\u1ec7n \u0111\u1ea1i theo chu\u1ea9n ng\u00e0nh \u0111\u00e0o t\u1ea1o, gi\u00fap vi\u1ec7c h\u1ecdc v\u00e0 th\u1ef1c h\u00e0nh \u0111\u1ea1t ch\u1ea5t l\u01b0\u1ee3ng cao. Ngo\u00e0i ra, h\u1ecdc vi\u00ean c\u00f2n \u0111\u01b0\u1ee3c h\u1ed7 tr\u1ee3 m\u01b0\u1ee3n ph\u00f2ng th\u1ef1c h\u00e0nh mi\u1ec5n ph\u00ed trong qu\u00e1 tr\u00ecnh h\u1ecdc.<\/li><\/ul><p>\u00a0<\/p><\/div><\/div>\t\t\t\t\t\t<\/div>\n\t\t\t\t<\/div>\n\t\t\t\t<\/div>\n\t\t\t\t\t<\/div>\n\t\t\t\t<\/div>\n\t\t<div class=\"elementor-element elementor-element-90a8dfb e-flex e-con-boxed e-con e-parent\" data-id=\"90a8dfb\" data-element_type=\"container\" data-settings=\"{&quot;container_type&quot;:&quot;flex&quot;,&quot;content_width&quot;:&quot;boxed&quot;}\" data-core-v316-plus=\"true\">\n\t\t\t\t\t<div class=\"e-con-inner\">\n\t\t<div class=\"elementor-element elementor-element-5f31f8f e-con-full e-flex e-con e-child\" data-id=\"5f31f8f\" data-element_type=\"container\" data-settings=\"{&quot;content_width&quot;:&quot;full&quot;,&quot;container_type&quot;:&quot;flex&quot;}\">\n\t\t\t\t<\/div>\n\t\t<div class=\"elementor-element elementor-element-1608f9b e-con-full e-flex e-con e-child\" data-id=\"1608f9b\" data-element_type=\"container\" data-settings=\"{&quot;content_width&quot;:&quot;full&quot;,&quot;container_type&quot;:&quot;flex&quot;}\">\n\t\t\t\t<div class=\"elementor-element elementor-element-146b2cf elementor-align-center elementor-widget elementor-widget-button\" data-id=\"146b2cf\" data-element_type=\"widget\" data-widget_type=\"button.default\">\n\t\t\t\t<div class=\"elementor-widget-container\">\n\t\t\t\t\t<div class=\"elementor-button-wrapper\">\n\t\t\t<a class=\"elementor-button elementor-button-link elementor-size-lg\" href=\"https:\/\/vinhthinh.xyz\/en\/linhvuchoatdong\/create-a-flower-valve-to-learn-more-day-by-day\/\">\n\t\t\t\t\t\t<span class=\"elementor-button-content-wrapper\">\n\t\t\t\t\t\t<span class=\"elementor-button-text\">Quay v\u1ec1<\/span>\n\t\t<\/span>\n\t\t\t\t\t<\/a>\n\t\t<\/div>\n\t\t\t\t<\/div>\n\t\t\t\t<\/div>\n\t\t\t\t<\/div>\n\t\t<div class=\"elementor-element elementor-element-a06ba1d e-con-full e-flex e-con e-child\" data-id=\"a06ba1d\" data-element_type=\"container\" data-settings=\"{&quot;content_width&quot;:&quot;full&quot;,&quot;container_type&quot;:&quot;flex&quot;}\">\n\t\t\t\t<\/div>\n\t\t<div class=\"elementor-element elementor-element-8148146 e-con-full e-flex e-con e-child\" data-id=\"8148146\" data-element_type=\"container\" data-settings=\"{&quot;content_width&quot;:&quot;full&quot;,&quot;container_type&quot;:&quot;flex&quot;}\">\n\t\t\t\t<\/div>\n\t\t<div class=\"elementor-element elementor-element-c11ef7c e-con-full e-flex e-con e-child\" data-id=\"c11ef7c\" data-element_type=\"container\" data-settings=\"{&quot;content_width&quot;:&quot;full&quot;,&quot;container_type&quot;:&quot;flex&quot;}\">\n\t\t\t\t<\/div>\n\t\t<div class=\"elementor-element elementor-element-aa28b5d e-con-full e-flex e-con e-child\" data-id=\"aa28b5d\" data-element_type=\"container\" data-settings=\"{&quot;content_width&quot;:&quot;full&quot;,&quot;container_type&quot;:&quot;flex&quot;}\">\n\t\t\t\t<\/div>\n\t\t\t\t\t<\/div>\n\t\t\t\t<\/div>\n\t\t\t\t\t\t\t<\/div>","protected":false},"excerpt":{"rendered":"<p>Kh\u00f3a h\u1ecdc \u0110i\u1ec7n d\u00e2n d\u1ee5ng &#8211; H\u1ecdc ngh\u1ec1 \u0110i\u1ec7n ng\u1eafn h\u1ea1n \u0111\u1ec3 \u0111i l\u00e0m \u00a0 Kh\u00f3a h\u1ecdc K\u1ef9 thu\u1eadt vi\u00ean \u0110i\u1ec7n d\u00e2n d\u1ee5ng\u00a0thu\u1ed9c nh\u00f3m ng\u00e0nh\u00a0\u0111\u00e0o t\u1ea1o k\u1ef9 thu\u1eadt c\u00f4ng ngh\u1ec7\u00a0gi\u00fap h\u1ecdc vi\u00ean th\u00e0nh th\u1ea1o nh\u1eefng k\u1ef9 n\u0103ng l\u1eafp \u0111\u1eb7t h\u1ec7 th\u1ed1ng \u0111i\u1ec7n, ph\u01b0\u01a1ng ph\u00e1p kh\u1eafc ph\u1ee5c s\u1ef1 c\u1ed1 v\u00e0 c\u00e1ch s\u1eeda ch\u1eefa, b\u1ea3o tr\u00ec c\u00e1c<\/p>","protected":false},"author":1,"featured_media":0,"parent":0,"menu_order":0,"comment_status":"closed","ping_status":"closed","template":"","meta":{"footnotes":""},"yoast_head":"<!-- This site is optimized with the Yoast SEO Premium plugin v21.1 (Yoast SEO v21.1) - https:\/\/yoast.com\/wordpress\/plugins\/seo\/ -->\n<title>KH\u00d3A H\u1eccC \u0110I\u1ec6N D\u00c2N D\u1ee4NG - H\u1ecdc ngh\u1ec1 \u0110i\u1ec7n ng\u1eafn h\u1ea1n \u0111\u1ec3 \u0111i l\u00e0m - Vinh Thinh Company<\/title>\n<meta name=\"robots\" content=\"index, follow, max-snippet:-1, max-image-preview:large, max-video-preview:-1\" \/>\n<link rel=\"canonical\" href=\"https:\/\/vinhthinh.xyz\/en\/khoa-hoc-dien-dan-dung-hoc-nghe-dien-ngan-han-de-di-lam\/\" \/>\n<meta property=\"og:locale\" content=\"en_US\" \/>\n<meta property=\"og:type\" content=\"article\" \/>\n<meta property=\"og:title\" content=\"KH\u00d3A H\u1eccC \u0110I\u1ec6N D\u00c2N D\u1ee4NG - H\u1ecdc ngh\u1ec1 \u0110i\u1ec7n ng\u1eafn h\u1ea1n \u0111\u1ec3 \u0111i l\u00e0m\" \/>\n<meta property=\"og:description\" content=\"Kh\u00f3a h\u1ecdc \u0110i\u1ec7n d\u00e2n d\u1ee5ng &#8211; H\u1ecdc ngh\u1ec1 \u0110i\u1ec7n ng\u1eafn h\u1ea1n \u0111\u1ec3 \u0111i l\u00e0m \u00a0 Kh\u00f3a h\u1ecdc K\u1ef9 thu\u1eadt vi\u00ean \u0110i\u1ec7n d\u00e2n d\u1ee5ng\u00a0thu\u1ed9c nh\u00f3m ng\u00e0nh\u00a0\u0111\u00e0o t\u1ea1o k\u1ef9 thu\u1eadt c\u00f4ng ngh\u1ec7\u00a0gi\u00fap h\u1ecdc vi\u00ean th\u00e0nh th\u1ea1o nh\u1eefng k\u1ef9 n\u0103ng l\u1eafp \u0111\u1eb7t h\u1ec7 th\u1ed1ng \u0111i\u1ec7n, ph\u01b0\u01a1ng ph\u00e1p kh\u1eafc ph\u1ee5c s\u1ef1 c\u1ed1 v\u00e0 c\u00e1ch s\u1eeda ch\u1eefa, b\u1ea3o tr\u00ec c\u00e1c\" \/>\n<meta property=\"og:url\" content=\"https:\/\/vinhthinh.xyz\/en\/khoa-hoc-dien-dan-dung-hoc-nghe-dien-ngan-han-de-di-lam\/\" \/>\n<meta property=\"og:site_name\" content=\"Vinh Thinh Company\" \/>\n<meta property=\"article:modified_time\" content=\"2025-08-06T07:00:32+00:00\" \/>\n<meta property=\"og:image\" content=\"https:\/\/vinhthinh.xyz\/wp-content\/uploads\/2023\/09\/SO-CAP-DIEN-1024x436.png\" \/>\n<meta name=\"twitter:card\" content=\"summary_large_image\" \/>\n<meta name=\"twitter:label1\" content=\"Est. reading time\" \/>\n\t<meta name=\"twitter:data1\" content=\"5 minutes\" \/>\n<script type=\"application\/ld+json\" class=\"yoast-schema-graph\">{\"@context\":\"https:\/\/schema.org\",\"@graph\":[{\"@type\":\"WebPage\",\"@id\":\"https:\/\/vinhthinh.xyz\/khoa-hoc-dien-dan-dung-hoc-nghe-dien-ngan-han-de-di-lam\/\",\"url\":\"https:\/\/vinhthinh.xyz\/khoa-hoc-dien-dan-dung-hoc-nghe-dien-ngan-han-de-di-lam\/\",\"name\":\"KH\u00d3A H\u1eccC \u0110I\u1ec6N D\u00c2N D\u1ee4NG - H\u1ecdc ngh\u1ec1 \u0110i\u1ec7n ng\u1eafn h\u1ea1n \u0111\u1ec3 \u0111i l\u00e0m - Vinh Thinh Company\",\"isPartOf\":{\"@id\":\"https:\/\/vinhthinh.xyz\/#website\"},\"datePublished\":\"2025-08-06T07:00:20+00:00\",\"dateModified\":\"2025-08-06T07:00:32+00:00\",\"breadcrumb\":{\"@id\":\"https:\/\/vinhthinh.xyz\/khoa-hoc-dien-dan-dung-hoc-nghe-dien-ngan-han-de-di-lam\/#breadcrumb\"},\"inLanguage\":\"en-US\",\"potentialAction\":[{\"@type\":\"ReadAction\",\"target\":[\"https:\/\/vinhthinh.xyz\/khoa-hoc-dien-dan-dung-hoc-nghe-dien-ngan-han-de-di-lam\/\"]}]},{\"@type\":\"BreadcrumbList\",\"@id\":\"https:\/\/vinhthinh.xyz\/khoa-hoc-dien-dan-dung-hoc-nghe-dien-ngan-han-de-di-lam\/#breadcrumb\",\"itemListElement\":[{\"@type\":\"ListItem\",\"position\":1,\"name\":\"Home\",\"item\":\"https:\/\/vinhthinh.xyz\/\"},{\"@type\":\"ListItem\",\"position\":2,\"name\":\"KH\u00d3A H\u1eccC \u0110I\u1ec6N D\u00c2N D\u1ee4NG &#8211; H\u1ecdc ngh\u1ec1 \u0110i\u1ec7n ng\u1eafn h\u1ea1n \u0111\u1ec3 \u0111i l\u00e0m\"}]},{\"@type\":\"WebSite\",\"@id\":\"https:\/\/vinhthinh.xyz\/#website\",\"url\":\"https:\/\/vinhthinh.xyz\/\",\"name\":\"Vinh Thinh Company\",\"description\":\"\",\"publisher\":{\"@id\":\"https:\/\/vinhthinh.xyz\/#organization\"},\"potentialAction\":[{\"@type\":\"SearchAction\",\"target\":{\"@type\":\"EntryPoint\",\"urlTemplate\":\"https:\/\/vinhthinh.xyz\/?s={search_term_string}\"},\"query-input\":\"required name=search_term_string\"}],\"inLanguage\":\"en-US\"},{\"@type\":\"Organization\",\"@id\":\"https:\/\/vinhthinh.xyz\/#organization\",\"name\":\"Vinh Thinh Company\",\"url\":\"https:\/\/vinhthinh.xyz\/\",\"logo\":{\"@type\":\"ImageObject\",\"inLanguage\":\"en-US\",\"@id\":\"https:\/\/vinhthinh.xyz\/#\/schema\/logo\/image\/\",\"url\":\"https:\/\/vinhthinh.xyz\/wp-content\/uploads\/2025\/03\/LOGO_VINHTHINH_COMPANY-removebg-preview.png\",\"contentUrl\":\"https:\/\/vinhthinh.xyz\/wp-content\/uploads\/2025\/03\/LOGO_VINHTHINH_COMPANY-removebg-preview.png\",\"width\":500,\"height\":500,\"caption\":\"Vinh Thinh Company\"},\"image\":{\"@id\":\"https:\/\/vinhthinh.xyz\/#\/schema\/logo\/image\/\"}}]}<\/script>\n<!-- \/ Yoast SEO Premium plugin. -->","yoast_head_json":{"title":"KH\u00d3A H\u1eccC \u0110I\u1ec6N D\u00c2N D\u1ee4NG - H\u1ecdc ngh\u1ec1 \u0110i\u1ec7n ng\u1eafn h\u1ea1n \u0111\u1ec3 \u0111i l\u00e0m - Vinh Thinh Company","robots":{"index":"index","follow":"follow","max-snippet":"max-snippet:-1","max-image-preview":"max-image-preview:large","max-video-preview":"max-video-preview:-1"},"canonical":"https:\/\/vinhthinh.xyz\/en\/khoa-hoc-dien-dan-dung-hoc-nghe-dien-ngan-han-de-di-lam\/","og_locale":"en_US","og_type":"article","og_title":"KH\u00d3A H\u1eccC \u0110I\u1ec6N D\u00c2N D\u1ee4NG - H\u1ecdc ngh\u1ec1 \u0110i\u1ec7n ng\u1eafn h\u1ea1n \u0111\u1ec3 \u0111i l\u00e0m","og_description":"Kh\u00f3a h\u1ecdc \u0110i\u1ec7n d\u00e2n d\u1ee5ng &#8211; H\u1ecdc ngh\u1ec1 \u0110i\u1ec7n ng\u1eafn h\u1ea1n \u0111\u1ec3 \u0111i l\u00e0m \u00a0 Kh\u00f3a h\u1ecdc K\u1ef9 thu\u1eadt vi\u00ean \u0110i\u1ec7n d\u00e2n d\u1ee5ng\u00a0thu\u1ed9c nh\u00f3m ng\u00e0nh\u00a0\u0111\u00e0o t\u1ea1o k\u1ef9 thu\u1eadt c\u00f4ng ngh\u1ec7\u00a0gi\u00fap h\u1ecdc vi\u00ean th\u00e0nh th\u1ea1o nh\u1eefng k\u1ef9 n\u0103ng l\u1eafp \u0111\u1eb7t h\u1ec7 th\u1ed1ng \u0111i\u1ec7n, ph\u01b0\u01a1ng ph\u00e1p kh\u1eafc ph\u1ee5c s\u1ef1 c\u1ed1 v\u00e0 c\u00e1ch s\u1eeda ch\u1eefa, b\u1ea3o tr\u00ec c\u00e1c","og_url":"https:\/\/vinhthinh.xyz\/en\/khoa-hoc-dien-dan-dung-hoc-nghe-dien-ngan-han-de-di-lam\/","og_site_name":"Vinh Thinh Company","article_modified_time":"2025-08-06T07:00:32+00:00","og_image":[{"url":"https:\/\/vinhthinh.xyz\/wp-content\/uploads\/2023\/09\/SO-CAP-DIEN-1024x436.png"}],"twitter_card":"summary_large_image","twitter_misc":{"Est. reading time":"5 minutes"},"schema":{"@context":"https:\/\/schema.org","@graph":[{"@type":"WebPage","@id":"https:\/\/vinhthinh.xyz\/khoa-hoc-dien-dan-dung-hoc-nghe-dien-ngan-han-de-di-lam\/","url":"https:\/\/vinhthinh.xyz\/khoa-hoc-dien-dan-dung-hoc-nghe-dien-ngan-han-de-di-lam\/","name":"KH\u00d3A H\u1eccC \u0110I\u1ec6N D\u00c2N D\u1ee4NG - H\u1ecdc ngh\u1ec1 \u0110i\u1ec7n ng\u1eafn h\u1ea1n \u0111\u1ec3 \u0111i l\u00e0m - Vinh Thinh Company","isPartOf":{"@id":"https:\/\/vinhthinh.xyz\/#website"},"datePublished":"2025-08-06T07:00:20+00:00","dateModified":"2025-08-06T07:00:32+00:00","breadcrumb":{"@id":"https:\/\/vinhthinh.xyz\/khoa-hoc-dien-dan-dung-hoc-nghe-dien-ngan-han-de-di-lam\/#breadcrumb"},"inLanguage":"en-US","potentialAction":[{"@type":"ReadAction","target":["https:\/\/vinhthinh.xyz\/khoa-hoc-dien-dan-dung-hoc-nghe-dien-ngan-han-de-di-lam\/"]}]},{"@type":"BreadcrumbList","@id":"https:\/\/vinhthinh.xyz\/khoa-hoc-dien-dan-dung-hoc-nghe-dien-ngan-han-de-di-lam\/#breadcrumb","itemListElement":[{"@type":"ListItem","position":1,"name":"Home","item":"https:\/\/vinhthinh.xyz\/"},{"@type":"ListItem","position":2,"name":"KH\u00d3A H\u1eccC \u0110I\u1ec6N D\u00c2N D\u1ee4NG &#8211; H\u1ecdc ngh\u1ec1 \u0110i\u1ec7n ng\u1eafn h\u1ea1n \u0111\u1ec3 \u0111i l\u00e0m"}]},{"@type":"WebSite","@id":"https:\/\/vinhthinh.xyz\/#website","url":"https:\/\/vinhthinh.xyz\/","name":"Vinh Thinh Company","description":"","publisher":{"@id":"https:\/\/vinhthinh.xyz\/#organization"},"potentialAction":[{"@type":"SearchAction","target":{"@type":"EntryPoint","urlTemplate":"https:\/\/vinhthinh.xyz\/?s={search_term_string}"},"query-input":"required name=search_term_string"}],"inLanguage":"en-US"},{"@type":"Organization","@id":"https:\/\/vinhthinh.xyz\/#organization","name":"Vinh Thinh Company","url":"https:\/\/vinhthinh.xyz\/","logo":{"@type":"ImageObject","inLanguage":"en-US","@id":"https:\/\/vinhthinh.xyz\/#\/schema\/logo\/image\/","url":"https:\/\/vinhthinh.xyz\/wp-content\/uploads\/2025\/03\/LOGO_VINHTHINH_COMPANY-removebg-preview.png","contentUrl":"https:\/\/vinhthinh.xyz\/wp-content\/uploads\/2025\/03\/LOGO_VINHTHINH_COMPANY-removebg-preview.png","width":500,"height":500,"caption":"Vinh Thinh Company"},"image":{"@id":"https:\/\/vinhthinh.xyz\/#\/schema\/logo\/image\/"}}]}},"_links":{"self":[{"href":"https:\/\/vinhthinh.xyz\/en\/wp-json\/wp\/v2\/pages\/4465"}],"collection":[{"href":"https:\/\/vinhthinh.xyz\/en\/wp-json\/wp\/v2\/pages"}],"about":[{"href":"https:\/\/vinhthinh.xyz\/en\/wp-json\/wp\/v2\/types\/page"}],"author":[{"embeddable":true,"href":"https:\/\/vinhthinh.xyz\/en\/wp-json\/wp\/v2\/users\/1"}],"replies":[{"embeddable":true,"href":"https:\/\/vinhthinh.xyz\/en\/wp-json\/wp\/v2\/comments?post=4465"}],"version-history":[{"count":4,"href":"https:\/\/vinhthinh.xyz\/en\/wp-json\/wp\/v2\/pages\/4465\/revisions"}],"predecessor-version":[{"id":4469,"href":"https:\/\/vinhthinh.xyz\/en\/wp-json\/wp\/v2\/pages\/4465\/revisions\/4469"}],"wp:attachment":[{"href":"https:\/\/vinhthinh.xyz\/en\/wp-json\/wp\/v2\/media?parent=4465"}],"curies":[{"name":"wp","href":"https:\/\/api.w.org\/{rel}","templated":true}]}}